{"id":16993,"date":"2025-12-01T16:22:23","date_gmt":"2025-12-01T15:22:23","guid":{"rendered":"https:\/\/www.test.ginzinger.bike\/?post_type=product&#038;p=16993"},"modified":"2026-02-05T12:29:45","modified_gmt":"2026-02-05T11:29:45","slug":"rs-660-7","status":"publish","type":"product","link":"https:\/\/ginzinger.bike\/?product=rs-660-7","title":{"rendered":"RS 660"},"content":{"rendered":"<h3 class=\"editorial-immersive__grid__title text--heading-m\">ZUM FAHREN GEBAUT<\/h3>\n<div class=\"text--body\">\n<p>Die\u00a0<strong>RS 660\u00a0<\/strong>ist ein Meisterwerk der Technik und fortschrittlicher Elektronik, das dank seiner<strong>\u00a0Aerodynamik mit Winglets aus dem Rennsport und aktiver elektronischer Steuerung\u00a0<\/strong>f\u00fcr Nervenkitzel auf der Stra\u00dfe und der Rennstrecke sorgt. Der sportliche Zweizylindermotor mit\u00a0<strong>105 PS<\/strong>\u00a0und sein geringes Gewicht erm\u00f6glichen eine Leistung, die<strong>\u00a0in ihrer Klasse f\u00fchrend<\/strong>\u00a0ist und einen neuen Ma\u00dfstab f\u00fcr Sportlichkeit setzt. Sie ist atemberaubend sch\u00f6n und verk\u00f6rpert die Essenz von Aprilia in Bezug auf Innovation, Sportlichkeit und italienisches Design.<\/p>\n<\/div>\n","protected":false},"excerpt":{"rendered":"<p>Die RS 660 ist ein Meisterwerk der Technik und fortschrittlicher Elektronik, das dank seinerAerodynamik mit Winglets aus dem Rennsport und aktiver elektronischer Steuerung f\u00fcr Nervenkitzel auf der Stra\u00dfe und der Rennstrecke sorg<\/p>\n","protected":false},"featured_media":17336,"comment_status":"open","ping_status":"closed","template":"","meta":{"_acf_changed":false},"product_brand":[212],"product_cat":[221,290,155],"product_tag":[214,339],"class_list":{"0":"post-16993","1":"product","2":"type-product","3":"status-publish","4":"has-post-thumbnail","6":"product_brand-aprilia","7":"product_cat-aprilia","8":"product_cat-nm","9":"product_cat-zweirad","10":"product_tag-aprilia","11":"product_tag-nm","13":"first","14":"instock","15":"taxable","16":"shipping-taxable","17":"product-type-variable"},"acf":[],"_links":{"self":[{"href":"https:\/\/ginzinger.bike\/index.php?rest_route=\/wp\/v2\/product\/16993","targetHints":{"allow":["GET"]}}],"collection":[{"href":"https:\/\/ginzinger.bike\/index.php?rest_route=\/wp\/v2\/product"}],"about":[{"href":"https:\/\/ginzinger.bike\/index.php?rest_route=\/wp\/v2\/types\/product"}],"replies":[{"embeddable":true,"href":"https:\/\/ginzinger.bike\/index.php?rest_route=%2Fwp%2Fv2%2Fcomments&post=16993"}],"wp:featuredmedia":[{"embeddable":true,"href":"https:\/\/ginzinger.bike\/index.php?rest_route=\/wp\/v2\/media\/17336"}],"wp:attachment":[{"href":"https:\/\/ginzinger.bike\/index.php?rest_route=%2Fwp%2Fv2%2Fmedia&parent=16993"}],"wp:term":[{"taxonomy":"product_brand","embeddable":true,"href":"https:\/\/ginzinger.bike\/index.php?rest_route=%2Fwp%2Fv2%2Fproduct_brand&post=16993"},{"taxonomy":"product_cat","embeddable":true,"href":"https:\/\/ginzinger.bike\/index.php?rest_route=%2Fwp%2Fv2%2Fproduct_cat&post=16993"},{"taxonomy":"product_tag","embeddable":true,"href":"https:\/\/ginzinger.bike\/index.php?rest_route=%2Fwp%2Fv2%2Fproduct_tag&post=16993"}],"curies":[{"name":"wp","href":"https:\/\/api.w.org\/{rel}","templated":true}]}}