{"id":625305,"date":"2026-01-30T14:45:15","date_gmt":"2026-01-30T13:45:15","guid":{"rendered":"https:\/\/www.test.ginzinger.bike\/?product=vent-moto-derapage-50-50-cm%c2%b3"},"modified":"2026-01-30T14:45:17","modified_gmt":"2026-01-30T13:45:17","slug":"vent-moto-derapage-50-50-cm%c2%b3","status":"publish","type":"product","link":"https:\/\/ginzinger.bike\/?product=vent-moto-derapage-50-50-cm%c2%b3","title":{"rendered":"DERAPAGE 50"},"content":{"rendered":"<p>Die erste Erfahrung mit dem Motorrad wird f\u00fcr immer in Erinnerung bleiben! DERAPAGE 50 ist die Motard , mit der man sich dem t\u00e4glichen Verkehr stellen kann, um sicher zur Schule zu fahren und mit Freunden Spa\u00df zu haben, ohne dabei auf echten Rennstil zu verzichten, dank der Replika-Grafik des VENT-Teams , das an der nationalen Motard-Meisterschaft teilnimmt, und der fortschrittlichen technischen Ausstattung , die einem Motorrad mit gr\u00f6\u00dferem Hubraum w\u00fcrdig ist. Der spritzige Minarelli 50 ccm 2-Takt-Motor der neuesten Generation, der robuste Perimeter-Rahmen in Verbindung mit der 41 mm Upside-Down-Federung und die leistungsstarke Bremsanlage mit 290 mm Scheiben machen die DERAPAGE 50 zum Referenzmotorrad auf dem Markt in Bezug auf Leistung, Zuverl\u00e4ssigkeit und Sicherheit.<\/p>\n","protected":false},"excerpt":{"rendered":"<p>Die erste Erfahrung mit dem Mo : MY 2026<\/p>\n","protected":false},"featured_media":617982,"comment_status":"closed","ping_status":"open","template":"","meta":{"_acf_changed":false},"product_brand":[328],"product_cat":[333,155],"product_tag":[],"class_list":{"0":"post-625305","1":"product","2":"type-product","3":"status-publish","4":"has-post-thumbnail","6":"product_brand-vent","7":"product_cat-vent","8":"product_cat-zweirad","9":"pa_biketyp-supermoto","10":"pa_hubraum-50-cm","12":"first","13":"instock","14":"sale","15":"product-type-simple"},"acf":[],"_links":{"self":[{"href":"https:\/\/ginzinger.bike\/index.php?rest_route=\/wp\/v2\/product\/625305","targetHints":{"allow":["GET"]}}],"collection":[{"href":"https:\/\/ginzinger.bike\/index.php?rest_route=\/wp\/v2\/product"}],"about":[{"href":"https:\/\/ginzinger.bike\/index.php?rest_route=\/wp\/v2\/types\/product"}],"replies":[{"embeddable":true,"href":"https:\/\/ginzinger.bike\/index.php?rest_route=%2Fwp%2Fv2%2Fcomments&post=625305"}],"wp:featuredmedia":[{"embeddable":true,"href":"https:\/\/ginzinger.bike\/index.php?rest_route=\/wp\/v2\/media\/617982"}],"wp:attachment":[{"href":"https:\/\/ginzinger.bike\/index.php?rest_route=%2Fwp%2Fv2%2Fmedia&parent=625305"}],"wp:term":[{"taxonomy":"product_brand","embeddable":true,"href":"https:\/\/ginzinger.bike\/index.php?rest_route=%2Fwp%2Fv2%2Fproduct_brand&post=625305"},{"taxonomy":"product_cat","embeddable":true,"href":"https:\/\/ginzinger.bike\/index.php?rest_route=%2Fwp%2Fv2%2Fproduct_cat&post=625305"},{"taxonomy":"product_tag","embeddable":true,"href":"https:\/\/ginzinger.bike\/index.php?rest_route=%2Fwp%2Fv2%2Fproduct_tag&post=625305"}],"curies":[{"name":"wp","href":"https:\/\/api.w.org\/{rel}","templated":true}]}}