{"id":625309,"date":"2026-01-30T14:45:15","date_gmt":"2026-01-30T13:45:15","guid":{"rendered":"https:\/\/www.test.ginzinger.bike\/?product=vent-moto-derapage-rr-125-4t-125-cm%c2%b3"},"modified":"2026-01-30T14:45:21","modified_gmt":"2026-01-30T13:45:21","slug":"vent-moto-derapage-rr-125-4t-125-cm%c2%b3","status":"publish","type":"product","link":"https:\/\/ginzinger.bike\/?product=vent-moto-derapage-rr-125-4t-125-cm%c2%b3","title":{"rendered":"DERAPAGE RR 125 4T"},"content":{"rendered":"<p>Die neue DERAPAGE RR 125 ist ein hochmodernes, ultra-raffiniertes und ausgesprochen leistungsorientiertes Motorrad: Wir sprechen von einem exklusiven Motorrad ! Das grundlegende Element dieses Modells ist der brandneue Minarelli 125 4-Takt-Motor mit Euro5-Homologation : ein brillantes und extrem zuverl\u00e4ssiges Aggregat, das mit dem neuen variablen Steuersystem ausgestattet ist. Der umlaufende VENT 6.0-Doppelschleifenrahmen mit zerlegbarem Hinterbau und die Schwinge sind aus Aluminium, w\u00e4hrend die hydraulische Upside-down-Gabel mit 41 mm gro\u00dfen R16V-Rohrholmen und das hydraulische Monofederbein (mit HM-Gest\u00e4nge) in Vorspannung und Zugstufe einstellbar sind &#8212; alles exklusive Merkmale der RR-Version. In Verbindung mit dem neuen, leistungsstarken Bremssystem von BCA (unterst\u00fctzt durch ein CBS-Bremsverteilungssystem) und der Anti-Rutsch-Kupplung wird die DERAPAGE RR 125 zu einem Motorrad der Spitzenklasse, das auf der Stra\u00dfe angenehm und einfach zu handhaben ist und unvergessliche Erinnerungen schaffen kann. Der Doppelschalld\u00e4mpfer und der sch\u00f6ne 28-mm-Black-Finish-Lenker mit speziellen Lenkerplatten vervollst\u00e4ndigen die Serienausstattung.<\/p>\n","protected":false},"excerpt":{"rendered":"<p>Die neue DERAPAGE RR 125 ist e : MY 2026<\/p>\n","protected":false},"featured_media":618033,"comment_status":"closed","ping_status":"open","template":"","meta":{"_acf_changed":false},"product_brand":[328],"product_cat":[155,333],"product_tag":[],"class_list":{"0":"post-625309","1":"product","2":"type-product","3":"status-publish","4":"has-post-thumbnail","6":"product_brand-vent","7":"product_cat-zweirad","8":"product_cat-vent","9":"pa_biketyp-supermoto","10":"pa_hubraum-125-cm","12":"first","13":"instock","14":"sale","15":"product-type-simple"},"acf":[],"_links":{"self":[{"href":"https:\/\/ginzinger.bike\/index.php?rest_route=\/wp\/v2\/product\/625309","targetHints":{"allow":["GET"]}}],"collection":[{"href":"https:\/\/ginzinger.bike\/index.php?rest_route=\/wp\/v2\/product"}],"about":[{"href":"https:\/\/ginzinger.bike\/index.php?rest_route=\/wp\/v2\/types\/product"}],"replies":[{"embeddable":true,"href":"https:\/\/ginzinger.bike\/index.php?rest_route=%2Fwp%2Fv2%2Fcomments&post=625309"}],"wp:featuredmedia":[{"embeddable":true,"href":"https:\/\/ginzinger.bike\/index.php?rest_route=\/wp\/v2\/media\/618033"}],"wp:attachment":[{"href":"https:\/\/ginzinger.bike\/index.php?rest_route=%2Fwp%2Fv2%2Fmedia&parent=625309"}],"wp:term":[{"taxonomy":"product_brand","embeddable":true,"href":"https:\/\/ginzinger.bike\/index.php?rest_route=%2Fwp%2Fv2%2Fproduct_brand&post=625309"},{"taxonomy":"product_cat","embeddable":true,"href":"https:\/\/ginzinger.bike\/index.php?rest_route=%2Fwp%2Fv2%2Fproduct_cat&post=625309"},{"taxonomy":"product_tag","embeddable":true,"href":"https:\/\/ginzinger.bike\/index.php?rest_route=%2Fwp%2Fv2%2Fproduct_tag&post=625309"}],"curies":[{"name":"wp","href":"https:\/\/api.w.org\/{rel}","templated":true}]}}