{"id":625311,"date":"2026-01-30T14:45:15","date_gmt":"2026-01-30T13:45:15","guid":{"rendered":"https:\/\/www.test.ginzinger.bike\/?product=vent-moto-derapage-125-4t-125-cm%c2%b3"},"modified":"2026-01-30T14:45:22","modified_gmt":"2026-01-30T13:45:22","slug":"vent-moto-derapage-125-4t-125-cm%c2%b3","status":"publish","type":"product","link":"https:\/\/ginzinger.bike\/?product=vent-moto-derapage-125-4t-125-cm%c2%b3","title":{"rendered":"DERAPAGE 125 4T"},"content":{"rendered":"<p>Das neue Motorrad DERAPAGE 125 4T von VENT ist ein Ausdruck von Modernit\u00e4t, Zuverl\u00e4ssigkeit und Leistung. Die Version 2022 mit Euro 5-Zulassung ist mit dem brandneuen Minarelli Euro 5-Motor mit variabler Ventilsteuerung ausgestattet, der sich durch geringen Verbrauch und niedrige Emissionen auszeichnet, aber auch durch hervorragende Leistungen und die Rutschkupplung, die jederzeit ein pr\u00e4zises Bremsen garantiert und ein Blockieren des Hinterrads verhindert. Auch die Bremsanlage wurde erneuert, mit einer 290 mm Wave-Scheibe vorne und einem Zweikolben-Schwimmsattel sowie einer 220 mm Wave-Scheibe hinten, die zusammen mit dem neuen CBS-Bremssystem mit kombinierter Wirkung die DERAPAGE 125 zu einem \u00e4u\u00dferst sicheren Fahrzeug machen. Der markante Doppelschalld\u00e4mpfer in Black Finish und die spezielle Grafik, die einen klaren Bezug zu den VENT-Farben herstellt, vervollst\u00e4ndigen die Serienausstattung. DERAPAGE 125 4T ist ein Motorrad, das unter allen Bedingungen Spa\u00df macht: auf dem Weg von der Schule zur Arbeit oder in der Freizeit. Sie werden einzigartige Emotionen erleben!<\/p>\n","protected":false},"excerpt":{"rendered":"<p>Das neue Motorrad DERAPAGE 125 : MY 2026<\/p>\n","protected":false},"featured_media":618044,"comment_status":"closed","ping_status":"open","template":"","meta":{"_acf_changed":false},"product_brand":[328],"product_cat":[333,155],"product_tag":[],"class_list":{"0":"post-625311","1":"product","2":"type-product","3":"status-publish","4":"has-post-thumbnail","6":"product_brand-vent","7":"product_cat-vent","8":"product_cat-zweirad","9":"pa_biketyp-supermoto","10":"pa_hubraum-125-cm","12":"first","13":"instock","14":"sale","15":"product-type-simple"},"acf":[],"_links":{"self":[{"href":"https:\/\/ginzinger.bike\/index.php?rest_route=\/wp\/v2\/product\/625311","targetHints":{"allow":["GET"]}}],"collection":[{"href":"https:\/\/ginzinger.bike\/index.php?rest_route=\/wp\/v2\/product"}],"about":[{"href":"https:\/\/ginzinger.bike\/index.php?rest_route=\/wp\/v2\/types\/product"}],"replies":[{"embeddable":true,"href":"https:\/\/ginzinger.bike\/index.php?rest_route=%2Fwp%2Fv2%2Fcomments&post=625311"}],"wp:featuredmedia":[{"embeddable":true,"href":"https:\/\/ginzinger.bike\/index.php?rest_route=\/wp\/v2\/media\/618044"}],"wp:attachment":[{"href":"https:\/\/ginzinger.bike\/index.php?rest_route=%2Fwp%2Fv2%2Fmedia&parent=625311"}],"wp:term":[{"taxonomy":"product_brand","embeddable":true,"href":"https:\/\/ginzinger.bike\/index.php?rest_route=%2Fwp%2Fv2%2Fproduct_brand&post=625311"},{"taxonomy":"product_cat","embeddable":true,"href":"https:\/\/ginzinger.bike\/index.php?rest_route=%2Fwp%2Fv2%2Fproduct_cat&post=625311"},{"taxonomy":"product_tag","embeddable":true,"href":"https:\/\/ginzinger.bike\/index.php?rest_route=%2Fwp%2Fv2%2Fproduct_tag&post=625311"}],"curies":[{"name":"wp","href":"https:\/\/api.w.org\/{rel}","templated":true}]}}