{"id":625313,"date":"2026-01-30T14:45:15","date_gmt":"2026-01-30T13:45:15","guid":{"rendered":"https:\/\/www.test.ginzinger.bike\/?product=vent-moto-raptor-50-50-cm%c2%b3"},"modified":"2026-01-30T14:45:24","modified_gmt":"2026-01-30T13:45:24","slug":"vent-moto-raptor-50-50-cm%c2%b3","status":"publish","type":"product","link":"https:\/\/ginzinger.bike\/?product=vent-moto-raptor-50-50-cm%c2%b3","title":{"rendered":"RAPTOR 50"},"content":{"rendered":"<p>Dein erstes Offroad-Motorraderlebnis wirst du f\u00fcr immer im Herzen tragen!Der Raptor ist die 50cc-Maschine, die dich in die Welt von VENT einf\u00fchrt &#8212; f\u00fcr Unabh\u00e4ngigkeit und Fahrspa\u00df bei voller Sicherheit.Mit einem einzigartigen Stil und beeindruckender Wendigkeit f\u00fcr den Offroad-Einsatz.  Der fortschrittlichste **Minarelli 50cc 2-Takt-Motor** der neuesten Generation, kombiniert mit einem **Perimeterrahmen**, der von Motocross-Maschinen stammt, macht den Raptor 50 zur Spitzenklasse in seinem Segment &#8212; und erm\u00f6glicht dir den perfekten Einstieg in deine Offroad-Abenteuer.<\/p>\n","protected":false},"excerpt":{"rendered":"<p>Dein erstes Offroad-Motorrader : MY 2026<\/p>\n","protected":false},"featured_media":618073,"comment_status":"closed","ping_status":"open","template":"","meta":{"_acf_changed":false},"product_brand":[328],"product_cat":[333,155],"product_tag":[],"class_list":{"0":"post-625313","1":"product","2":"type-product","3":"status-publish","4":"has-post-thumbnail","6":"product_brand-vent","7":"product_cat-vent","8":"product_cat-zweirad","9":"pa_biketyp-enduro","10":"pa_hubraum-50-cm","12":"first","13":"instock","14":"product-type-simple"},"acf":[],"_links":{"self":[{"href":"https:\/\/ginzinger.bike\/index.php?rest_route=\/wp\/v2\/product\/625313","targetHints":{"allow":["GET"]}}],"collection":[{"href":"https:\/\/ginzinger.bike\/index.php?rest_route=\/wp\/v2\/product"}],"about":[{"href":"https:\/\/ginzinger.bike\/index.php?rest_route=\/wp\/v2\/types\/product"}],"replies":[{"embeddable":true,"href":"https:\/\/ginzinger.bike\/index.php?rest_route=%2Fwp%2Fv2%2Fcomments&post=625313"}],"wp:featuredmedia":[{"embeddable":true,"href":"https:\/\/ginzinger.bike\/index.php?rest_route=\/wp\/v2\/media\/618073"}],"wp:attachment":[{"href":"https:\/\/ginzinger.bike\/index.php?rest_route=%2Fwp%2Fv2%2Fmedia&parent=625313"}],"wp:term":[{"taxonomy":"product_brand","embeddable":true,"href":"https:\/\/ginzinger.bike\/index.php?rest_route=%2Fwp%2Fv2%2Fproduct_brand&post=625313"},{"taxonomy":"product_cat","embeddable":true,"href":"https:\/\/ginzinger.bike\/index.php?rest_route=%2Fwp%2Fv2%2Fproduct_cat&post=625313"},{"taxonomy":"product_tag","embeddable":true,"href":"https:\/\/ginzinger.bike\/index.php?rest_route=%2Fwp%2Fv2%2Fproduct_tag&post=625313"}],"curies":[{"name":"wp","href":"https:\/\/api.w.org\/{rel}","templated":true}]}}