{"id":625315,"date":"2026-01-30T14:45:15","date_gmt":"2026-01-30T13:45:15","guid":{"rendered":"https:\/\/www.test.ginzinger.bike\/?product=vent-moto-baja-50-50-cm%c2%b3"},"modified":"2026-01-30T14:45:28","modified_gmt":"2026-01-30T13:45:28","slug":"vent-moto-baja-50-50-cm%c2%b3","status":"publish","type":"product","link":"https:\/\/ginzinger.bike\/?product=vent-moto-baja-50-50-cm%c2%b3","title":{"rendered":"BAJA 50"},"content":{"rendered":"<p>Die BAJA 50 ist das Ergebnis einer gro\u00dfen Erfahrung und einer au\u00dfergew\u00f6hnlichen Leidenschaft, die ein Motorrad hervorgebracht hat, das intuitiv, f\u00fcr jeden erreichbar und gleichzeitig unaufhaltsam ist. BAJA 50 ist die Enduro, mit der Sie den t\u00e4glichen Verkehr auf dem Schulweg sicher bew\u00e4ltigen oder in der Freizeit jedes Offroad-Hindernis \u00fcberwinden k\u00f6nnen. Der echte Rennstil ergibt sich aus den Farben des offiziellen VENT-Teams , das an den italienischen und europ\u00e4ischen Enduro-Meisterschaften teilnimmt, und aus der fortschrittlichen technischen Ausstattung, die einem Motorrad mit gr\u00f6\u00dferem Hubraum angemessen ist. Der zuverl\u00e4ssige und brillante Minarelli 50 ccm 2-Takt-Motor der neuesten Generation, der robuste Rahmen in Kombination mit der 41 mm Upside-Down-Federung und dem leistungsstarken Bremssystem machen die BAJA 50 zum Referenzmotorrad in ihrer Kategorie. Zuverl\u00e4ssig und unterhaltsam, l\u00e4sst es Dich bei allen Fahrbedingungen und Eins\u00e4tzen nicht im Stich.<\/p>\n","protected":false},"excerpt":{"rendered":"<p>Die BAJA 50 ist das Ergebnis e : MY 2026<\/p>\n","protected":false},"featured_media":618084,"comment_status":"closed","ping_status":"open","template":"","meta":{"_acf_changed":false},"product_brand":[328],"product_cat":[333,155],"product_tag":[],"class_list":{"0":"post-625315","1":"product","2":"type-product","3":"status-publish","4":"has-post-thumbnail","6":"product_brand-vent","7":"product_cat-vent","8":"product_cat-zweirad","9":"pa_biketyp-enduro","10":"pa_hubraum-50-cm","12":"first","13":"instock","14":"sale","15":"product-type-simple"},"acf":[],"_links":{"self":[{"href":"https:\/\/ginzinger.bike\/index.php?rest_route=\/wp\/v2\/product\/625315","targetHints":{"allow":["GET"]}}],"collection":[{"href":"https:\/\/ginzinger.bike\/index.php?rest_route=\/wp\/v2\/product"}],"about":[{"href":"https:\/\/ginzinger.bike\/index.php?rest_route=\/wp\/v2\/types\/product"}],"replies":[{"embeddable":true,"href":"https:\/\/ginzinger.bike\/index.php?rest_route=%2Fwp%2Fv2%2Fcomments&post=625315"}],"wp:featuredmedia":[{"embeddable":true,"href":"https:\/\/ginzinger.bike\/index.php?rest_route=\/wp\/v2\/media\/618084"}],"wp:attachment":[{"href":"https:\/\/ginzinger.bike\/index.php?rest_route=%2Fwp%2Fv2%2Fmedia&parent=625315"}],"wp:term":[{"taxonomy":"product_brand","embeddable":true,"href":"https:\/\/ginzinger.bike\/index.php?rest_route=%2Fwp%2Fv2%2Fproduct_brand&post=625315"},{"taxonomy":"product_cat","embeddable":true,"href":"https:\/\/ginzinger.bike\/index.php?rest_route=%2Fwp%2Fv2%2Fproduct_cat&post=625315"},{"taxonomy":"product_tag","embeddable":true,"href":"https:\/\/ginzinger.bike\/index.php?rest_route=%2Fwp%2Fv2%2Fproduct_tag&post=625315"}],"curies":[{"name":"wp","href":"https:\/\/api.w.org\/{rel}","templated":true}]}}