{"id":625317,"date":"2026-01-30T14:45:15","date_gmt":"2026-01-30T13:45:15","guid":{"rendered":"https:\/\/www.test.ginzinger.bike\/?product=vent-moto-baja-rr-50-50-cm%c2%b3"},"modified":"2026-01-30T14:45:30","modified_gmt":"2026-01-30T13:45:30","slug":"vent-moto-baja-rr-50-50-cm%c2%b3","status":"publish","type":"product","link":"https:\/\/ginzinger.bike\/?product=vent-moto-baja-rr-50-50-cm%c2%b3","title":{"rendered":"BAJA RR 50"},"content":{"rendered":"<p>Die BAJA RR 50 wurde mit dem technischen Erbe und der Erfahrung aus drei\u00dfig Jahren internationalen Offroad-Wettbewerben konzipiert und gebaut. Sie beeindruckt mit einer exklusiven Ausstattung, die sich in raffinierten und fortschrittlichen technischen L\u00f6sungen ausdr\u00fcckt, die sie in ihrer Kategorie einzigartig machen. Der umlaufende Rahmen und die Schwinge sind aus Aluminium, um das Motorrad noch leichter zu machen, w\u00e4hrend das \u00fcberdimensionierte Bremssystem von der italienischen Firma BCA hergestellt wird. Die 41-mm-Upside-down-Gabel und das neue HM-Link-Monofederbein sind beide einstellbar. Diese Eigenschaften machen die Leistung der BAJA RR 50 unter allen Fahrbedingungen zu einer Spitzenleistung: auf der Stra\u00dfe, wenn der Gebrauch eher \u201egem\u00e4\u00dfigt&#8220; ist und die Vorschriften eingehalten werden, und im Gel\u00e4nde, wenn der \u201eBiss&#8220; entfesselt wird und das Motorrad sich auf dem ihm am meisten zusagenden Terrain von seiner besten Seite zeigen kann. Das BAJA RR 50 wird durch den 28-mm-Lenker in Black Finish mit speziellen Lenkerplatten und Grafiken, die an die Farben des offiziellen Enduro-Teams VENT erinnern, vervollst\u00e4ndigt.<\/p>\n","protected":false},"excerpt":{"rendered":"<p>Die BAJA RR 50 wurde mit dem t : MY 2026<\/p>\n","protected":false},"featured_media":618132,"comment_status":"closed","ping_status":"open","template":"","meta":{"_acf_changed":false},"product_brand":[328],"product_cat":[333,155],"product_tag":[],"class_list":{"0":"post-625317","1":"product","2":"type-product","3":"status-publish","4":"has-post-thumbnail","6":"product_brand-vent","7":"product_cat-vent","8":"product_cat-zweirad","9":"pa_biketyp-enduro","10":"pa_hubraum-50-cm","12":"first","13":"instock","14":"product-type-simple"},"acf":[],"_links":{"self":[{"href":"https:\/\/ginzinger.bike\/index.php?rest_route=\/wp\/v2\/product\/625317","targetHints":{"allow":["GET"]}}],"collection":[{"href":"https:\/\/ginzinger.bike\/index.php?rest_route=\/wp\/v2\/product"}],"about":[{"href":"https:\/\/ginzinger.bike\/index.php?rest_route=\/wp\/v2\/types\/product"}],"replies":[{"embeddable":true,"href":"https:\/\/ginzinger.bike\/index.php?rest_route=%2Fwp%2Fv2%2Fcomments&post=625317"}],"wp:featuredmedia":[{"embeddable":true,"href":"https:\/\/ginzinger.bike\/index.php?rest_route=\/wp\/v2\/media\/618132"}],"wp:attachment":[{"href":"https:\/\/ginzinger.bike\/index.php?rest_route=%2Fwp%2Fv2%2Fmedia&parent=625317"}],"wp:term":[{"taxonomy":"product_brand","embeddable":true,"href":"https:\/\/ginzinger.bike\/index.php?rest_route=%2Fwp%2Fv2%2Fproduct_brand&post=625317"},{"taxonomy":"product_cat","embeddable":true,"href":"https:\/\/ginzinger.bike\/index.php?rest_route=%2Fwp%2Fv2%2Fproduct_cat&post=625317"},{"taxonomy":"product_tag","embeddable":true,"href":"https:\/\/ginzinger.bike\/index.php?rest_route=%2Fwp%2Fv2%2Fproduct_tag&post=625317"}],"curies":[{"name":"wp","href":"https:\/\/api.w.org\/{rel}","templated":true}]}}