{"id":625319,"date":"2026-01-30T14:45:15","date_gmt":"2026-01-30T13:45:15","guid":{"rendered":"https:\/\/www.test.ginzinger.bike\/?product=vent-moto-baja-125-4t-125-cm%c2%b3"},"modified":"2026-01-30T14:45:32","modified_gmt":"2026-01-30T13:45:32","slug":"vent-moto-baja-125-4t-125-cm%c2%b3","status":"publish","type":"product","link":"https:\/\/ginzinger.bike\/?product=vent-moto-baja-125-4t-125-cm%c2%b3","title":{"rendered":"BAJA 125 4T"},"content":{"rendered":"<p>Die BAJA 125 4T \u00e4ndert ihr Aussehen und ihre Struktur, ein Motorrad, das f\u00fcr die Geschichte des Unternehmens wichtig ist, das auch dank der neuen Euro5-Homologation zu 100% erneuert wird. Ein Motorrad, das in Introbio, im Valsassina, entwickelt wurde und aus der Erfahrung von mehr als drei\u00dfig Jahren Dirt-Track-Rennen auf Weltniveau entstanden ist: Es wurde auf den neuesten Stand gebracht, ohne die Besonderheiten zu vernachl\u00e4ssigen, die es zu einem Spitzenreiter in seinem Segment machen. Der neue Minarelli 125 4-Takt-Motor mit variabler Ventilsteuerung garantiert im Vergleich zur Vorg\u00e4ngerversion \u00fcberlegene Leistung bei gleichzeitiger Reduzierung von Verbrauch und Emissionen . Die reichhaltige Ausstattung umfasst den robusten und erneuerten VENT 6.0-Rahmen, die Upside-down-Gabel, die Anti-Rutsch-Kupplung und das CBS-System f\u00fcr kombinierte Bremsen, die unerl\u00e4sslich sind, um maximale Sicherheit unter allen Fahrbedingungen und in jedem Gel\u00e4nde zu gew\u00e4hrleisten. All diese Eigenschaften, kombiniert mit einem Look, der sich klar an den offiziellen VENT-Farben orientiert, die auch bei Wettbewerbsmotorr\u00e4dern verwendet werden, machen die BAJA 125 4T zu einem extrem leistungsstarken Offroad-Bike und gleichzeitig zum idealen Reisebegleiter f\u00fcr den Alltag. Sie peitschen es auf unbefestigten Stra\u00dfen zum Spa\u00df, Sie fahren es ruhiger auf Stadtfahrten. Das ideale Fahrrad f\u00fcr alle, die das Abenteuer suchen, auch mit 16 Jahren!<\/p>\n","protected":false},"excerpt":{"rendered":"<p>Die BAJA 125 4T \u00e4ndert ihr Aus : MY 2026<\/p>\n","protected":false},"featured_media":618144,"comment_status":"closed","ping_status":"open","template":"","meta":{"_acf_changed":false},"product_brand":[328],"product_cat":[333,155],"product_tag":[],"class_list":{"0":"post-625319","1":"product","2":"type-product","3":"status-publish","4":"has-post-thumbnail","6":"product_brand-vent","7":"product_cat-vent","8":"product_cat-zweirad","9":"pa_biketyp-enduro","10":"pa_hubraum-125-cm","12":"first","13":"instock","14":"sale","15":"product-type-simple"},"acf":[],"_links":{"self":[{"href":"https:\/\/ginzinger.bike\/index.php?rest_route=\/wp\/v2\/product\/625319","targetHints":{"allow":["GET"]}}],"collection":[{"href":"https:\/\/ginzinger.bike\/index.php?rest_route=\/wp\/v2\/product"}],"about":[{"href":"https:\/\/ginzinger.bike\/index.php?rest_route=\/wp\/v2\/types\/product"}],"replies":[{"embeddable":true,"href":"https:\/\/ginzinger.bike\/index.php?rest_route=%2Fwp%2Fv2%2Fcomments&post=625319"}],"wp:featuredmedia":[{"embeddable":true,"href":"https:\/\/ginzinger.bike\/index.php?rest_route=\/wp\/v2\/media\/618144"}],"wp:attachment":[{"href":"https:\/\/ginzinger.bike\/index.php?rest_route=%2Fwp%2Fv2%2Fmedia&parent=625319"}],"wp:term":[{"taxonomy":"product_brand","embeddable":true,"href":"https:\/\/ginzinger.bike\/index.php?rest_route=%2Fwp%2Fv2%2Fproduct_brand&post=625319"},{"taxonomy":"product_cat","embeddable":true,"href":"https:\/\/ginzinger.bike\/index.php?rest_route=%2Fwp%2Fv2%2Fproduct_cat&post=625319"},{"taxonomy":"product_tag","embeddable":true,"href":"https:\/\/ginzinger.bike\/index.php?rest_route=%2Fwp%2Fv2%2Fproduct_tag&post=625319"}],"curies":[{"name":"wp","href":"https:\/\/api.w.org\/{rel}","templated":true}]}}