{"id":764427,"date":"2026-02-18T03:30:54","date_gmt":"2026-02-18T02:30:54","guid":{"rendered":"https:\/\/www.test.ginzinger.bike\/?product=ried-innkr-united-motors-um-renegade-sport-125"},"modified":"2026-02-18T03:30:54","modified_gmt":"2026-02-18T02:30:54","slug":"ried-innkr-united-motors-um-renegade-sport-125-3466854","status":"publish","type":"product","link":"https:\/\/ginzinger.bike\/?product=ried-innkr-united-motors-um-renegade-sport-125-3466854","title":{"rendered":"Renegade Sport 125"},"content":{"rendered":"<p>UM \/ United Motors \/ Renegade SPORT 125,<br \/>NEUFAHRZEUG,<br \/>Zu fahren mit dem F\u00fchrerschein B111 oder A1,<br \/>verf\u00fcgbar in schwarz oder kupfer (braun)<\/p>\n<p>-> Trittbretter,<br \/>-> Ganganzeige,<br \/>-> Sissybar \/ R\u00fcckenlehne f\u00fcr Beifahrer,<br \/>,<br \/>Gerne begr\u00fc\u00dfen wir Sie in unserer Rieder Niederlassung w\u00e4hrend unserer \u00d6ffnungszeiten:<br \/>G\u00fcltig ab 05. April 2021:<br \/>Montag geschlossen,<br \/>Di. &#8211; Fr. 08:00 &#8211; 12:00 Uhr und 13:30 &#8211; 18:00 Uhr,<br \/>Samstag 9:00 &#8211; 12:00 Uhr,<br \/>F\u00fcr eine Probefahrt bitten wir sie um kurze Terminvereinbarung,<br \/>Finanzierungen mit und auch ohne Anzahlung \/ auch Drittelfinanzierung m\u00f6glich,<br \/>Inzahlungnahme gebrauchter Motorr\u00e4der, Roller und auch Mopeds,<br \/>Angebot g\u00fcltig vorbehaltlich Irrt\u00fcmer und zwischenzeitlichen Verkaufes,<br \/>Tel: 07752 \/ 85801- DW 118 oder DW 119,<br \/>Mail: ried@ginzinger.at oder ried.vk@ginzinger.at<br \/>Ginzinger GmbH \/ Frankenburger Stra\u00dfe 19 \/ 4910 Ried im Innkreis,<\/p>\n<p>#Chopper #Cruiser<br \/>\n<!--more--><br \/>\nKontaktformular der Filiale \/ Infos direkter Kontaktlink<\/p>\n","protected":false},"excerpt":{"rendered":"<p>UM \/ United Motors \/ Renegade SPORT 125,NEUFAHRZEUG,Zu fahren mit dem F\u00fchrerschein B111 oder A1,verf\u00fcgbar in schwarz oder kupfer (braun) -> Trittbretter,-> Ganganzeige,-> Sissybar \/ R\u00fcckenlehne f\u00fcr Beifahrer,,Gerne begr\u00fc\u00dfen wir Sie in unserer Rieder Niederlassung w\u00e4hrend unserer \u00d6ffnungszeiten:G\u00fcltig ab 05. April 2021:Montag geschlossen,Di. &#8211; Fr. 08:00 &#8211; 12:00 Uhr und 13:30 &#8211; 18:00 Uhr,Samstag 9:00 [&hellip;]<\/p>\n","protected":false},"featured_media":764428,"comment_status":"closed","ping_status":"open","template":"","meta":{"_acf_changed":false},"product_brand":[560],"product_cat":[281,561,155],"product_tag":[590,220,502],"class_list":{"0":"post-764427","1":"product","2":"type-product","3":"status-publish","4":"has-post-thumbnail","6":"product_brand-united-motors-um","7":"product_cat-gm","8":"product_cat-united-motors-um","9":"product_cat-zweirad","10":"product_tag-cruiser","11":"product_tag-ried-innkr","12":"product_tag-united-motors-um","13":"pa_biketyp-cruiser","14":"pa_hubraumklasse-51-bis-125","15":"pa_kw-klasse-0-bis-11","16":"pa_zustand-gm","18":"first","19":"instock","20":"product-type-simple"},"acf":[],"_links":{"self":[{"href":"https:\/\/ginzinger.bike\/index.php?rest_route=\/wp\/v2\/product\/764427","targetHints":{"allow":["GET"]}}],"collection":[{"href":"https:\/\/ginzinger.bike\/index.php?rest_route=\/wp\/v2\/product"}],"about":[{"href":"https:\/\/ginzinger.bike\/index.php?rest_route=\/wp\/v2\/types\/product"}],"replies":[{"embeddable":true,"href":"https:\/\/ginzinger.bike\/index.php?rest_route=%2Fwp%2Fv2%2Fcomments&post=764427"}],"wp:featuredmedia":[{"embeddable":true,"href":"https:\/\/ginzinger.bike\/index.php?rest_route=\/wp\/v2\/media\/764428"}],"wp:attachment":[{"href":"https:\/\/ginzinger.bike\/index.php?rest_route=%2Fwp%2Fv2%2Fmedia&parent=764427"}],"wp:term":[{"taxonomy":"product_brand","embeddable":true,"href":"https:\/\/ginzinger.bike\/index.php?rest_route=%2Fwp%2Fv2%2Fproduct_brand&post=764427"},{"taxonomy":"product_cat","embeddable":true,"href":"https:\/\/ginzinger.bike\/index.php?rest_route=%2Fwp%2Fv2%2Fproduct_cat&post=764427"},{"taxonomy":"product_tag","embeddable":true,"href":"https:\/\/ginzinger.bike\/index.php?rest_route=%2Fwp%2Fv2%2Fproduct_tag&post=764427"}],"curies":[{"name":"wp","href":"https:\/\/api.w.org\/{rel}","templated":true}]}}