{"id":764478,"date":"2026-02-18T03:30:57","date_gmt":"2026-02-18T02:30:57","guid":{"rendered":"https:\/\/www.test.ginzinger.bike\/?product=ried-innkr-moto-morini-6-1-2-seiemmezzo-str"},"modified":"2026-02-18T03:30:57","modified_gmt":"2026-02-18T02:30:57","slug":"ried-innkr-moto-morini-6-1-2-seiemmezzo-str-3466873","status":"publish","type":"product","link":"https:\/\/ginzinger.bike\/?product=ried-innkr-moto-morini-6-1-2-seiemmezzo-str-3466873","title":{"rendered":"6 1\/2 Seiemmezzo STR"},"content":{"rendered":"<p>Vorf\u00fchrer<\/p>\n<p>Italienische Traditionsmarke<\/p>\n<p>Cooles Klassik Bike<\/p>\n<p>A2 tauglich<\/p>\n<p>Gerne begr\u00fc\u00dfen wir Sie in unserer Rieder Niederlassung w\u00e4hrend unserer \u00d6ffnungszeiten:<br \/>MONTAG GESCHLOSSEN!<br \/>Di. &#8211; Fr. 08:00 &#8211; 12:00 Uhr und 13:30 &#8211; 18:00 Uhr,<br \/>Samstag 9:00 &#8211; 12:00 Uhr,<br \/>Nicht jedes inserierte Fahrzeug ist lagernd wir bitte um eine Anfrage zur Verf\u00fcgbarkeit,<br \/>F\u00fcr eine Probefahrt bitten wir sie um Terminvereinbarung,<br \/>Finanzierungen mit und auch ohne Anzahlung \/ auch Drittelfinanzierung m\u00f6glich,<br \/>Inzahlungnahme gebrauchter Motorr\u00e4der, Roller und auch Mopeds,<br \/>Angebot g\u00fcltig vorbehaltlich Irrt\u00fcmer und zwischenzeitlichen Verkaufes,<br \/>Tel: 07752 \/ 85801- DW 118 oder DW 119,<br \/>Mail: ried@ginzinger.at oder ried.vk@ginzinger.at<br \/>Ginzinger GmbH \/ Frankenburger Stra\u00dfe 19 \/ 4910 Ried im Innkreis,<br \/>\n<!--more--><br \/>\nKontaktformular der Filiale \/ Infos direkter Kontaktlink<\/p>\n","protected":false},"excerpt":{"rendered":"<p>Vorf\u00fchrer Italienische Traditionsmarke Cooles Klassik Bike A2 tauglich Gerne begr\u00fc\u00dfen wir Sie in unserer Rieder Niederlassung w\u00e4hrend unserer \u00d6ffnungszeiten:MONTAG GESCHLOSSEN!Di. &#8211; Fr. 08:00 &#8211; 12:00 Uhr und 13:30 &#8211; 18:00 Uhr,Samstag 9:00 &#8211; 12:00 Uhr,Nicht jedes inserierte Fahrzeug ist lagernd wir bitte um eine Anfrage zur Verf\u00fcgbarkeit,F\u00fcr eine Probefahrt bitten wir sie um Terminvereinbarung,Finanzierungen mit [&hellip;]<\/p>\n","protected":false},"featured_media":764479,"comment_status":"closed","ping_status":"open","template":"","meta":{"_acf_changed":false},"product_brand":[243],"product_cat":[281,240,155],"product_tag":[506,592,220],"class_list":{"0":"post-764478","1":"product","2":"type-product","3":"status-publish","4":"has-post-thumbnail","6":"product_brand-moto-morini","7":"product_cat-gm","8":"product_cat-moto-morini","9":"product_cat-zweirad","10":"product_tag-moto-morini","11":"product_tag-naked-bike","12":"product_tag-ried-innkr","13":"pa_biketyp-naked-bike","14":"pa_hubraumklasse-501-bis-900","15":"pa_kw-klasse-36-bis-50","16":"pa_zustand-gm","18":"first","19":"instock","20":"product-type-simple"},"acf":[],"_links":{"self":[{"href":"https:\/\/ginzinger.bike\/index.php?rest_route=\/wp\/v2\/product\/764478","targetHints":{"allow":["GET"]}}],"collection":[{"href":"https:\/\/ginzinger.bike\/index.php?rest_route=\/wp\/v2\/product"}],"about":[{"href":"https:\/\/ginzinger.bike\/index.php?rest_route=\/wp\/v2\/types\/product"}],"replies":[{"embeddable":true,"href":"https:\/\/ginzinger.bike\/index.php?rest_route=%2Fwp%2Fv2%2Fcomments&post=764478"}],"wp:featuredmedia":[{"embeddable":true,"href":"https:\/\/ginzinger.bike\/index.php?rest_route=\/wp\/v2\/media\/764479"}],"wp:attachment":[{"href":"https:\/\/ginzinger.bike\/index.php?rest_route=%2Fwp%2Fv2%2Fmedia&parent=764478"}],"wp:term":[{"taxonomy":"product_brand","embeddable":true,"href":"https:\/\/ginzinger.bike\/index.php?rest_route=%2Fwp%2Fv2%2Fproduct_brand&post=764478"},{"taxonomy":"product_cat","embeddable":true,"href":"https:\/\/ginzinger.bike\/index.php?rest_route=%2Fwp%2Fv2%2Fproduct_cat&post=764478"},{"taxonomy":"product_tag","embeddable":true,"href":"https:\/\/ginzinger.bike\/index.php?rest_route=%2Fwp%2Fv2%2Fproduct_tag&post=764478"}],"curies":[{"name":"wp","href":"https:\/\/api.w.org\/{rel}","templated":true}]}}