{"id":764548,"date":"2026-02-18T03:31:00","date_gmt":"2026-02-18T02:31:00","guid":{"rendered":"https:\/\/www.test.ginzinger.bike\/?product=ried-innkr-yamaha-neos-dual-battery"},"modified":"2026-02-18T03:31:00","modified_gmt":"2026-02-18T02:31:00","slug":"ried-innkr-yamaha-neos-dual-battery-3466917","status":"publish","type":"product","link":"https:\/\/ginzinger.bike\/?product=ried-innkr-yamaha-neos-dual-battery-3466917","title":{"rendered":"NEO&#8217;s Dual Battery"},"content":{"rendered":"<p>Vorf\u00fchrroller mit ZWEI herausnehmbaren Akkus,<br \/>kann auch mit einem Akku gefahren werden (wenn der zweite z.B. gerade beim laden ist),<br \/>nat\u00fcrlich mit Ladeger\u00e4t, an jeder Steckdose zum laden, Ladeger\u00e4t kann im Roller mitgenommen werden,<br \/>Keyless,<br \/>Aktuelle Bundesf\u00f6rderung von 600 m\u00f6glich!!!!!<\/p>\n<p>Qualit\u00e4tsprodukt aus dem Hause YAMAHA !!!!!!<\/p>\n<p>Bei Fragen wenden sie sich gerne an unser Team.<\/p>\n<p>Gerne begr\u00fc\u00dfen wir Sie in unserer Rieder Niederlassung w\u00e4hrend unserer \u00d6ffnungszeiten:<br \/>MONTAG GESCHLOSSEN!<br \/>Di. &#8211; Fr. 08:00 &#8211; 12:00 Uhr und 13:30 &#8211; 18:00 Uhr,<br \/>Samstag 9:00 &#8211; 12:00 Uhr,<br \/>Nicht jedes inserierte Fahrzeug ist lagernd wir bitte um eine Anfrage zur Verf\u00fcgbarkeit,<br \/>F\u00fcr eine Probefahrt bitten wir sie um Terminvereinbarung,<br \/>Finanzierungen mit und auch ohne Anzahlung \/ auch Drittelfinanzierung m\u00f6glich,<br \/>Inzahlungnahme gebrauchter Motorr\u00e4der, Roller und auch Mopeds,<br \/>Angebot g\u00fcltig vorbehaltlich Irrt\u00fcmer und zwischenzeitlichen Verkaufes,<br \/>Tel: 07752 \/ 85801- DW 118 oder DW 119,<br \/>Mail: ried@ginzinger.at oder ried.vk@ginzinger.at<br \/>Ginzinger GmbH \/ Frankenburger Stra\u00dfe 19 \/ 4910 Ried im Innkreis,<br \/>Keyless Go System<br \/>\n<!--more--><br \/>\nKontaktformular der Filiale \/ Infos direkter Kontaktlink<\/p>\n","protected":false},"excerpt":{"rendered":"<p>Vorf\u00fchrroller mit ZWEI herausnehmbaren Akkus,kann auch mit einem Akku gefahren werden (wenn der zweite z.B. gerade beim laden ist),nat\u00fcrlich mit Ladeger\u00e4t, an jeder Steckdose zum laden, Ladeger\u00e4t kann im Roller mitgenommen werden,Keyless,Aktuelle Bundesf\u00f6rderung von 600 m\u00f6glich!!!!! Qualit\u00e4tsprodukt aus dem Hause YAMAHA !!!!!! Bei Fragen wenden sie sich gerne an unser Team. Gerne begr\u00fc\u00dfen wir Sie [&hellip;]<\/p>\n","protected":false},"featured_media":764549,"comment_status":"closed","ping_status":"open","template":"","meta":{"_acf_changed":false},"product_brand":[280],"product_cat":[281,331,155],"product_tag":[220,357,282],"class_list":{"0":"post-764548","1":"product","2":"type-product","3":"status-publish","4":"has-post-thumbnail","6":"product_brand-yamaha","7":"product_cat-gm","8":"product_cat-yamaha","9":"product_cat-zweirad","10":"product_tag-ried-innkr","11":"product_tag-roller","12":"product_tag-yamaha","13":"pa_biketyp-roller","14":"pa_hubraumklasse-0-bis-50","15":"pa_kw-klasse-0-bis-11","16":"pa_zustand-gm","18":"first","19":"instock","20":"product-type-simple"},"acf":[],"_links":{"self":[{"href":"https:\/\/ginzinger.bike\/index.php?rest_route=\/wp\/v2\/product\/764548","targetHints":{"allow":["GET"]}}],"collection":[{"href":"https:\/\/ginzinger.bike\/index.php?rest_route=\/wp\/v2\/product"}],"about":[{"href":"https:\/\/ginzinger.bike\/index.php?rest_route=\/wp\/v2\/types\/product"}],"replies":[{"embeddable":true,"href":"https:\/\/ginzinger.bike\/index.php?rest_route=%2Fwp%2Fv2%2Fcomments&post=764548"}],"wp:featuredmedia":[{"embeddable":true,"href":"https:\/\/ginzinger.bike\/index.php?rest_route=\/wp\/v2\/media\/764549"}],"wp:attachment":[{"href":"https:\/\/ginzinger.bike\/index.php?rest_route=%2Fwp%2Fv2%2Fmedia&parent=764548"}],"wp:term":[{"taxonomy":"product_brand","embeddable":true,"href":"https:\/\/ginzinger.bike\/index.php?rest_route=%2Fwp%2Fv2%2Fproduct_brand&post=764548"},{"taxonomy":"product_cat","embeddable":true,"href":"https:\/\/ginzinger.bike\/index.php?rest_route=%2Fwp%2Fv2%2Fproduct_cat&post=764548"},{"taxonomy":"product_tag","embeddable":true,"href":"https:\/\/ginzinger.bike\/index.php?rest_route=%2Fwp%2Fv2%2Fproduct_tag&post=764548"}],"curies":[{"name":"wp","href":"https:\/\/api.w.org\/{rel}","templated":true}]}}