{"id":764696,"date":"2026-02-18T03:31:06","date_gmt":"2026-02-18T02:31:06","guid":{"rendered":"https:\/\/www.test.ginzinger.bike\/?product=ried-innkr-yamaha-mt-09-y-amt"},"modified":"2026-02-18T03:31:06","modified_gmt":"2026-02-18T02:31:06","slug":"ried-innkr-yamaha-mt-09-y-amt-3467005","status":"publish","type":"product","link":"https:\/\/ginzinger.bike\/?product=ried-innkr-yamaha-mt-09-y-amt-3467005","title":{"rendered":"MT-09 Y-AMT"},"content":{"rendered":"<p>Vorf\u00fchrfahrzeug<\/p>\n<p>Die MT-09 Y-AMT ist eine Varienate der Yamaha MT-09 mit einem automatisierten Schaltgetriebe (Y-AMT= Yamaha Automated Manual Transmission), das sowohl vollautomatisches wie auch manuelles Schalten per Knopf erlaubt<\/p>\n<p>Der Fahrer braucht keinen Kupplungshebel oder Fu\u00dfschalthebel mehr- das System \u00fcbernimmtdiese Fuktion elektrich bzw. mechanisch.<\/p>\n<p>Bei Fragen wenden sie sich gerne an unser Team.<\/p>\n<p>Gerne begr\u00fc\u00dfen wir Sie in unserer Rieder Niederlassung w\u00e4hrend unserer \u00d6ffnungszeiten:<br \/>MONTAG GESCHLOSSEN!<br \/>Di. &#8211; Fr. 08:00 &#8211; 12:00 Uhr und 13:30 &#8211; 18:00 Uhr,<br \/>Samstag 9:00 &#8211; 12:00 Uhr,<br \/>Nicht jedes inserierte Fahrzeug ist lagernd wir bitte um eine Anfrage zur Verf\u00fcgbarkeit,<br \/>F\u00fcr eine Probefahrt bitten wir sie um Terminvereinbarung,<br \/>Finanzierungen mit und auch ohne Anzahlung \/ auch Drittelfinanzierung m\u00f6glich,<br \/>Inzahlungnahme gebrauchter Motorr\u00e4der, Roller und auch Mopeds,<br \/>Angebot g\u00fcltig vorbehaltlich Irrt\u00fcmer und zwischenzeitlichen Verkaufes,<br \/>Tel: 07752 \/ 85801- DW 118 oder DW 119,<br \/>Mail: ried@ginzinger.at oder ried.vk@ginzinger.at<br \/>Ginzinger GmbH \/ Frankenburger Stra\u00dfe 19 \/ 4910 Ried im Innkreis,<br \/>Fahrmodi<br \/>Kurven-ABS<br \/>Ride by Wire<br \/>Schaltassistent mit Blipper<br \/>Schaltautomat<br \/>Wheelie Kontrolle<br \/>\n<!--more--><br \/>\nKontaktformular der Filiale \/ Infos direkter Kontaktlink<\/p>\n","protected":false},"excerpt":{"rendered":"<p>Vorf\u00fchrfahrzeug Die MT-09 Y-AMT ist eine Varienate der Yamaha MT-09 mit einem automatisierten Schaltgetriebe (Y-AMT= Yamaha Automated Manual Transmission), das sowohl vollautomatisches wie auch manuelles Schalten per Knopf erlaubt Der Fahrer braucht keinen Kupplungshebel oder Fu\u00dfschalthebel mehr- das System \u00fcbernimmtdiese Fuktion elektrich bzw. mechanisch. Bei Fragen wenden sie sich gerne an unser Team. Gerne begr\u00fc\u00dfen [&hellip;]<\/p>\n","protected":false},"featured_media":764697,"comment_status":"closed","ping_status":"open","template":"","meta":{"_acf_changed":false},"product_brand":[280],"product_cat":[281,331,155],"product_tag":[592,220,282],"class_list":{"0":"post-764696","1":"product","2":"type-product","3":"status-publish","4":"has-post-thumbnail","6":"product_brand-yamaha","7":"product_cat-gm","8":"product_cat-yamaha","9":"product_cat-zweirad","10":"product_tag-naked-bike","11":"product_tag-ried-innkr","12":"product_tag-yamaha","13":"pa_biketyp-naked-bike","14":"pa_hubraumklasse-501-bis-900","15":"pa_kw-klasse-71-bis-120","16":"pa_zustand-gm","18":"first","19":"instock","20":"product-type-simple"},"acf":[],"_links":{"self":[{"href":"https:\/\/ginzinger.bike\/index.php?rest_route=\/wp\/v2\/product\/764696","targetHints":{"allow":["GET"]}}],"collection":[{"href":"https:\/\/ginzinger.bike\/index.php?rest_route=\/wp\/v2\/product"}],"about":[{"href":"https:\/\/ginzinger.bike\/index.php?rest_route=\/wp\/v2\/types\/product"}],"replies":[{"embeddable":true,"href":"https:\/\/ginzinger.bike\/index.php?rest_route=%2Fwp%2Fv2%2Fcomments&post=764696"}],"wp:featuredmedia":[{"embeddable":true,"href":"https:\/\/ginzinger.bike\/index.php?rest_route=\/wp\/v2\/media\/764697"}],"wp:attachment":[{"href":"https:\/\/ginzinger.bike\/index.php?rest_route=%2Fwp%2Fv2%2Fmedia&parent=764696"}],"wp:term":[{"taxonomy":"product_brand","embeddable":true,"href":"https:\/\/ginzinger.bike\/index.php?rest_route=%2Fwp%2Fv2%2Fproduct_brand&post=764696"},{"taxonomy":"product_cat","embeddable":true,"href":"https:\/\/ginzinger.bike\/index.php?rest_route=%2Fwp%2Fv2%2Fproduct_cat&post=764696"},{"taxonomy":"product_tag","embeddable":true,"href":"https:\/\/ginzinger.bike\/index.php?rest_route=%2Fwp%2Fv2%2Fproduct_tag&post=764696"}],"curies":[{"name":"wp","href":"https:\/\/api.w.org\/{rel}","templated":true}]}}