{"id":764849,"date":"2026-02-18T03:31:15","date_gmt":"2026-02-18T02:31:15","guid":{"rendered":"https:\/\/www.test.ginzinger.bike\/?product=villach-mv-agusta-brutale-800"},"modified":"2026-02-18T03:31:15","modified_gmt":"2026-02-18T02:31:15","slug":"villach-mv-agusta-brutale-800-3442789","status":"publish","type":"product","link":"https:\/\/ginzinger.bike\/?product=villach-mv-agusta-brutale-800-3442789","title":{"rendered":"Brutale 800"},"content":{"rendered":"<p>Privatverkauf! &#8211; Keine Gew\u00e4hrleistung!<\/p>\n<p>Top Nakedbike!<\/p>\n<p>inkl. Windschild!<br \/>Satteltasche!<br \/>Montageheber dabei!<br \/>Quickshifter!<br \/>ABS!<\/p>\n<p>Finanzierung inkl. Totalschadenkasko m\u00f6glich!<\/p>\n<p>INFOS:<br \/>+43 4242 325 97 519 Pascal &#038; Edi<br \/>+43 4242 325 97 518 Manuel<br \/>oder villach@ginzinger.at<\/p>\n<p>Eintausch oder Ankauf deines Bikes ist m\u00f6glich.<br \/>Weitere Gebrauchtmotorr\u00e4der unter www.ginzinger.at<br \/>9500 Villach, Ossiacher-Zeile 16<br \/>Tippfehler, Irrt\u00fcmer und \u00c4nderungen vorbehalten!<br \/>Ride by Wire<br \/>Schaltautomat<br \/>\n<!--more--><br \/>\nKontaktformular der Filiale \/ Infos direkter Kontaktlink<\/p>\n","protected":false},"excerpt":{"rendered":"<p>Privatverkauf! &#8211; Keine Gew\u00e4hrleistung! Top Nakedbike! inkl. Windschild!Satteltasche!Montageheber dabei!Quickshifter!ABS! Finanzierung inkl. Totalschadenkasko m\u00f6glich! INFOS:+43 4242 325 97 519 Pascal &#038; Edi+43 4242 325 97 518 Manueloder villach@ginzinger.at Eintausch oder Ankauf deines Bikes ist m\u00f6glich.Weitere Gebrauchtmotorr\u00e4der unter www.ginzinger.at9500 Villach, Ossiacher-Zeile 16Tippfehler, Irrt\u00fcmer und \u00c4nderungen vorbehalten!Ride by WireSchaltautomat<\/p>\n","protected":false},"featured_media":764850,"comment_status":"closed","ping_status":"open","template":"","meta":{"_acf_changed":false},"product_brand":[564],"product_cat":[281,565,155],"product_tag":[522,592,213],"class_list":{"0":"post-764849","1":"product","2":"type-product","3":"status-publish","4":"has-post-thumbnail","6":"product_brand-mv-agusta","7":"product_cat-gm","8":"product_cat-mv-agusta","9":"product_cat-zweirad","10":"product_tag-mv-agusta","11":"product_tag-naked-bike","12":"product_tag-villach","13":"pa_biketyp-naked-bike","14":"pa_hubraumklasse-501-bis-900","15":"pa_kw-klasse-71-bis-120","16":"pa_zustand-gm","18":"first","19":"instock","20":"product-type-simple"},"acf":[],"_links":{"self":[{"href":"https:\/\/ginzinger.bike\/index.php?rest_route=\/wp\/v2\/product\/764849","targetHints":{"allow":["GET"]}}],"collection":[{"href":"https:\/\/ginzinger.bike\/index.php?rest_route=\/wp\/v2\/product"}],"about":[{"href":"https:\/\/ginzinger.bike\/index.php?rest_route=\/wp\/v2\/types\/product"}],"replies":[{"embeddable":true,"href":"https:\/\/ginzinger.bike\/index.php?rest_route=%2Fwp%2Fv2%2Fcomments&post=764849"}],"wp:featuredmedia":[{"embeddable":true,"href":"https:\/\/ginzinger.bike\/index.php?rest_route=\/wp\/v2\/media\/764850"}],"wp:attachment":[{"href":"https:\/\/ginzinger.bike\/index.php?rest_route=%2Fwp%2Fv2%2Fmedia&parent=764849"}],"wp:term":[{"taxonomy":"product_brand","embeddable":true,"href":"https:\/\/ginzinger.bike\/index.php?rest_route=%2Fwp%2Fv2%2Fproduct_brand&post=764849"},{"taxonomy":"product_cat","embeddable":true,"href":"https:\/\/ginzinger.bike\/index.php?rest_route=%2Fwp%2Fv2%2Fproduct_cat&post=764849"},{"taxonomy":"product_tag","embeddable":true,"href":"https:\/\/ginzinger.bike\/index.php?rest_route=%2Fwp%2Fv2%2Fproduct_tag&post=764849"}],"curies":[{"name":"wp","href":"https:\/\/api.w.org\/{rel}","templated":true}]}}