{"id":764922,"date":"2026-02-18T03:31:16","date_gmt":"2026-02-18T02:31:16","guid":{"rendered":"https:\/\/www.test.ginzinger.bike\/?product=villach-sym-maxsym-tl"},"modified":"2026-02-18T03:31:17","modified_gmt":"2026-02-18T02:31:17","slug":"villach-sym-maxsym-tl-3442786","status":"publish","type":"product","link":"https:\/\/ginzinger.bike\/?product=villach-sym-maxsym-tl-3442786","title":{"rendered":"Maxsym TL"},"content":{"rendered":"<p>inkl. 1 Jahr Gew\u00e4hrleistung!<\/p>\n<p>Top Roller!<\/p>\n<p>inkl. Farbdisplay!<br \/>Topcase!<br \/>Traktionskontrolle!<br \/>ABS!<\/p>\n<p>Finanzierung inkl. Totalschadenkasko m\u00f6glich!<\/p>\n<p>INFOS:<br \/>+43 4242 325 97 519 Pascal &#038; Edi<br \/>+43 4242 325 97 518 Manuel<br \/>oder villach@ginzinger.at<\/p>\n<p>Eintausch oder Ankauf deines Bikes ist m\u00f6glich.<br \/>Weitere Gebrauchtmotorr\u00e4der unter www.ginzinger.at<br \/>9500 Villach, Ossiacher-Zeile 16<br \/>Tippfehler, Irrt\u00fcmer und \u00c4nderungen vorbehalten!<br \/>\n<!--more--><br \/>\nKontaktformular der Filiale \/ Infos direkter Kontaktlink<\/p>\n","protected":false},"excerpt":{"rendered":"<p>inkl. 1 Jahr Gew\u00e4hrleistung! Top Roller! inkl. Farbdisplay!Topcase!Traktionskontrolle!ABS! Finanzierung inkl. Totalschadenkasko m\u00f6glich! INFOS:+43 4242 325 97 519 Pascal &#038; Edi+43 4242 325 97 518 Manueloder villach@ginzinger.at Eintausch oder Ankauf deines Bikes ist m\u00f6glich.Weitere Gebrauchtmotorr\u00e4der unter www.ginzinger.at9500 Villach, Ossiacher-Zeile 16Tippfehler, Irrt\u00fcmer und \u00c4nderungen vorbehalten!<\/p>\n","protected":false},"featured_media":764923,"comment_status":"closed","ping_status":"open","template":"","meta":{"_acf_changed":false},"product_brand":[562],"product_cat":[281,563,155],"product_tag":[357,505,213],"class_list":{"0":"post-764922","1":"product","2":"type-product","3":"status-publish","4":"has-post-thumbnail","6":"product_brand-sym","7":"product_cat-gm","8":"product_cat-sym","9":"product_cat-zweirad","10":"product_tag-roller","11":"product_tag-sym","12":"product_tag-villach","13":"pa_biketyp-roller","14":"pa_hubraumklasse-126-bis-500","15":"pa_kw-klasse-12-bis-35","16":"pa_zustand-gm","18":"first","19":"instock","20":"product-type-simple"},"acf":[],"_links":{"self":[{"href":"https:\/\/ginzinger.bike\/index.php?rest_route=\/wp\/v2\/product\/764922","targetHints":{"allow":["GET"]}}],"collection":[{"href":"https:\/\/ginzinger.bike\/index.php?rest_route=\/wp\/v2\/product"}],"about":[{"href":"https:\/\/ginzinger.bike\/index.php?rest_route=\/wp\/v2\/types\/product"}],"replies":[{"embeddable":true,"href":"https:\/\/ginzinger.bike\/index.php?rest_route=%2Fwp%2Fv2%2Fcomments&post=764922"}],"wp:featuredmedia":[{"embeddable":true,"href":"https:\/\/ginzinger.bike\/index.php?rest_route=\/wp\/v2\/media\/764923"}],"wp:attachment":[{"href":"https:\/\/ginzinger.bike\/index.php?rest_route=%2Fwp%2Fv2%2Fmedia&parent=764922"}],"wp:term":[{"taxonomy":"product_brand","embeddable":true,"href":"https:\/\/ginzinger.bike\/index.php?rest_route=%2Fwp%2Fv2%2Fproduct_brand&post=764922"},{"taxonomy":"product_cat","embeddable":true,"href":"https:\/\/ginzinger.bike\/index.php?rest_route=%2Fwp%2Fv2%2Fproduct_cat&post=764922"},{"taxonomy":"product_tag","embeddable":true,"href":"https:\/\/ginzinger.bike\/index.php?rest_route=%2Fwp%2Fv2%2Fproduct_tag&post=764922"}],"curies":[{"name":"wp","href":"https:\/\/api.w.org\/{rel}","templated":true}]}}