{"id":764964,"date":"2026-02-18T03:31:20","date_gmt":"2026-02-18T02:31:20","guid":{"rendered":"https:\/\/www.test.ginzinger.bike\/?product=villach-kawasaki-versys-1000-s"},"modified":"2026-02-18T03:31:20","modified_gmt":"2026-02-18T02:31:20","slug":"villach-kawasaki-versys-1000-s-3442797","status":"publish","type":"product","link":"https:\/\/ginzinger.bike\/?product=villach-kawasaki-versys-1000-s-3442797","title":{"rendered":"Versys 1000 S"},"content":{"rendered":"<p>Privatverkauf! &#8211; Keine Gew\u00e4hrleistung!<\/p>\n<p>Top Tourer!<\/p>\n<p>inkl. Topcase!<\/p>\n<p>Sturzpads!<\/p>\n<p>Nebelscheinwerfer!<\/p>\n<p>Tankpad!<\/p>\n<p>seitliche Grippads!<\/p>\n<p>Tempomat!<\/p>\n<p>Quickshifter!<\/p>\n<p>Finanzierung inkl. Totalschadenkasko m\u00f6glich!<\/p>\n<p>INFOS:<br \/>+43 4242 325 97 519 Pascal &#038; Edi<br \/>+43 4242 325 97 518 Manuel<br \/>oder villach@ginzinger.at<\/p>\n<p>Eintausch oder Ankauf deines Bikes ist m\u00f6glich.<br \/>Weitere Gebrauchtmotorr\u00e4der unter www.ginzinger.at<br \/>9500 Villach, Ossiacher-Zeile 16<br \/>Tippfehler, Irrt\u00fcmer und \u00c4nderungen vorbehalten!<br \/>Ride by Wire<br \/>\n<!--more--><br \/>\nKontaktformular der Filiale \/ Infos direkter Kontaktlink<\/p>\n","protected":false},"excerpt":{"rendered":"<p>Privatverkauf! &#8211; Keine Gew\u00e4hrleistung! Top Tourer! inkl. Topcase! Sturzpads! Nebelscheinwerfer! Tankpad! seitliche Grippads! Tempomat! Quickshifter! Finanzierung inkl. Totalschadenkasko m\u00f6glich! INFOS:+43 4242 325 97 519 Pascal &#038; Edi+43 4242 325 97 518 Manueloder villach@ginzinger.at Eintausch oder Ankauf deines Bikes ist m\u00f6glich.Weitere Gebrauchtmotorr\u00e4der unter www.ginzinger.at9500 Villach, Ossiacher-Zeile 16Tippfehler, Irrt\u00fcmer und \u00c4nderungen vorbehalten!Ride by Wire<\/p>\n","protected":false},"featured_media":766007,"comment_status":"closed","ping_status":"open","template":"","meta":{"_acf_changed":false},"product_brand":[300],"product_cat":[281,301,155],"product_tag":[517,594,213],"class_list":{"0":"post-764964","1":"product","2":"type-product","3":"status-publish","4":"has-post-thumbnail","6":"product_brand-kawasaki","7":"product_cat-gm","8":"product_cat-kawasaki","9":"product_cat-zweirad","10":"product_tag-kawasaki","11":"product_tag-sporttourer","12":"product_tag-villach","13":"pa_biketyp-sporttourer","14":"pa_hubraumklasse-901-bis-1200","15":"pa_kw-klasse-71-bis-120","16":"pa_zustand-gm","18":"first","19":"instock","20":"product-type-simple"},"acf":[],"_links":{"self":[{"href":"https:\/\/ginzinger.bike\/index.php?rest_route=\/wp\/v2\/product\/764964","targetHints":{"allow":["GET"]}}],"collection":[{"href":"https:\/\/ginzinger.bike\/index.php?rest_route=\/wp\/v2\/product"}],"about":[{"href":"https:\/\/ginzinger.bike\/index.php?rest_route=\/wp\/v2\/types\/product"}],"replies":[{"embeddable":true,"href":"https:\/\/ginzinger.bike\/index.php?rest_route=%2Fwp%2Fv2%2Fcomments&post=764964"}],"wp:featuredmedia":[{"embeddable":true,"href":"https:\/\/ginzinger.bike\/index.php?rest_route=\/wp\/v2\/media\/766007"}],"wp:attachment":[{"href":"https:\/\/ginzinger.bike\/index.php?rest_route=%2Fwp%2Fv2%2Fmedia&parent=764964"}],"wp:term":[{"taxonomy":"product_brand","embeddable":true,"href":"https:\/\/ginzinger.bike\/index.php?rest_route=%2Fwp%2Fv2%2Fproduct_brand&post=764964"},{"taxonomy":"product_cat","embeddable":true,"href":"https:\/\/ginzinger.bike\/index.php?rest_route=%2Fwp%2Fv2%2Fproduct_cat&post=764964"},{"taxonomy":"product_tag","embeddable":true,"href":"https:\/\/ginzinger.bike\/index.php?rest_route=%2Fwp%2Fv2%2Fproduct_tag&post=764964"}],"curies":[{"name":"wp","href":"https:\/\/api.w.org\/{rel}","templated":true}]}}