{"id":764970,"date":"2026-02-18T03:31:19","date_gmt":"2026-02-18T02:31:19","guid":{"rendered":"https:\/\/www.test.ginzinger.bike\/?product=villach-moto-morini-x-cape"},"modified":"2026-02-18T03:31:19","modified_gmt":"2026-02-18T02:31:19","slug":"villach-moto-morini-x-cape-3442799","status":"publish","type":"product","link":"https:\/\/ginzinger.bike\/?product=villach-moto-morini-x-cape-3442799","title":{"rendered":"X-Cape"},"content":{"rendered":"<p>inkl. Werksgarantie!<\/p>\n<p>Top Adventure Bike mit wenig KM!<\/p>\n<p>inkl. Traktionskontrolle!<br \/>ABS!<br \/>App Connect!<\/p>\n<p>Finanzierung inkl. Totalschadenkasko m\u00f6glich!<\/p>\n<p>INFOS:<br \/>+43 4242 325 97 519 Pascal &#038; Edi<br \/>+43 4242 325 97 518 Manuel<br \/>oder villach@ginzinger.at<\/p>\n<p>Eintausch oder Ankauf deines Bikes ist m\u00f6glich.<br \/>Weitere Gebrauchtmotorr\u00e4der unter www.ginzinger.at<br \/>9500 Villach, Ossiacher-Zeile 16<br \/>Tippfehler, Irrt\u00fcmer und \u00c4nderungen vorbehalten!<br \/>\n<!--more--><br \/>\nKontaktformular der Filiale \/ Infos direkter Kontaktlink<\/p>\n","protected":false},"excerpt":{"rendered":"<p>inkl. Werksgarantie! Top Adventure Bike mit wenig KM! inkl. Traktionskontrolle!ABS!App Connect! Finanzierung inkl. Totalschadenkasko m\u00f6glich! INFOS:+43 4242 325 97 519 Pascal &#038; Edi+43 4242 325 97 518 Manueloder villach@ginzinger.at Eintausch oder Ankauf deines Bikes ist m\u00f6glich.Weitere Gebrauchtmotorr\u00e4der unter www.ginzinger.at9500 Villach, Ossiacher-Zeile 16Tippfehler, Irrt\u00fcmer und \u00c4nderungen vorbehalten!<\/p>\n","protected":false},"featured_media":764971,"comment_status":"closed","ping_status":"open","template":"","meta":{"_acf_changed":false},"product_brand":[243],"product_cat":[281,240,155],"product_tag":[591,506,213],"class_list":{"0":"post-764970","1":"product","2":"type-product","3":"status-publish","4":"has-post-thumbnail","6":"product_brand-moto-morini","7":"product_cat-gm","8":"product_cat-moto-morini","9":"product_cat-zweirad","10":"product_tag-enduro","11":"product_tag-moto-morini","12":"product_tag-villach","13":"pa_biketyp-enduro","14":"pa_hubraumklasse-501-bis-900","15":"pa_kw-klasse-36-bis-50","16":"pa_zustand-gm","18":"first","19":"instock","20":"product-type-simple"},"acf":[],"_links":{"self":[{"href":"https:\/\/ginzinger.bike\/index.php?rest_route=\/wp\/v2\/product\/764970","targetHints":{"allow":["GET"]}}],"collection":[{"href":"https:\/\/ginzinger.bike\/index.php?rest_route=\/wp\/v2\/product"}],"about":[{"href":"https:\/\/ginzinger.bike\/index.php?rest_route=\/wp\/v2\/types\/product"}],"replies":[{"embeddable":true,"href":"https:\/\/ginzinger.bike\/index.php?rest_route=%2Fwp%2Fv2%2Fcomments&post=764970"}],"wp:featuredmedia":[{"embeddable":true,"href":"https:\/\/ginzinger.bike\/index.php?rest_route=\/wp\/v2\/media\/764971"}],"wp:attachment":[{"href":"https:\/\/ginzinger.bike\/index.php?rest_route=%2Fwp%2Fv2%2Fmedia&parent=764970"}],"wp:term":[{"taxonomy":"product_brand","embeddable":true,"href":"https:\/\/ginzinger.bike\/index.php?rest_route=%2Fwp%2Fv2%2Fproduct_brand&post=764970"},{"taxonomy":"product_cat","embeddable":true,"href":"https:\/\/ginzinger.bike\/index.php?rest_route=%2Fwp%2Fv2%2Fproduct_cat&post=764970"},{"taxonomy":"product_tag","embeddable":true,"href":"https:\/\/ginzinger.bike\/index.php?rest_route=%2Fwp%2Fv2%2Fproduct_tag&post=764970"}],"curies":[{"name":"wp","href":"https:\/\/api.w.org\/{rel}","templated":true}]}}