{"id":764984,"date":"2026-02-18T03:31:19","date_gmt":"2026-02-18T02:31:19","guid":{"rendered":"https:\/\/www.test.ginzinger.bike\/?product=villach-yamaha-tracer-9-gt-y-amt"},"modified":"2026-02-18T03:31:19","modified_gmt":"2026-02-18T02:31:19","slug":"villach-yamaha-tracer-9-gt-y-amt-3442793","status":"publish","type":"product","link":"https:\/\/ginzinger.bike\/?product=villach-yamaha-tracer-9-gt-y-amt-3442793","title":{"rendered":"Tracer 9 GT Y-AMT"},"content":{"rendered":"<p>Vorf\u00fchrmotorrad mit wenig KM!<\/p>\n<p>inkl. Original Yamaha Seitenkoffer!<br \/>elektronisches Fahrwerk!<br \/>KeyLess-GO!<br \/>Tempomat!<br \/>verschiedene Fahrmodi!<br \/>Slidecontrol!<br \/>Liftcontrol!<br \/>Traktionskontrolle!<br \/>ABS!<\/p>\n<p>Finanzierung inkl. Totalschadenkasko m\u00f6glich!<\/p>\n<p>INFOS:<br \/>+43 4242 325 97 519 Pascal &#038; Edi<br \/>+43 4242 325 97 518 Manuel<br \/>oder villach@ginzinger.at<\/p>\n<p>Eintausch oder Ankauf deines Bikes ist m\u00f6glich.<br \/>Weitere Gebrauchtmotorr\u00e4der unter www.ginzinger.at<br \/>9500 Villach, Ossiacher-Zeile 16<br \/>Tippfehler, Irrt\u00fcmer und \u00c4nderungen vorbehalten!<br \/>Dynamisches Fahrwerk<br \/>Elektronisches Fahrwerk<br \/>Fahrmodi<br \/>Kollisions Warner<br \/>Kombiniertes Bremssystem<br \/>Kurven-ABS<br \/>Radar Tempomat<br \/>Ride by Wire<br \/>Schaltassistent mit Blipper<br \/>Totwinkel Assistent<br \/>Wheelie Kontrolle<br \/>\n<!--more--><br \/>\nKontaktformular der Filiale \/ Infos direkter Kontaktlink<\/p>\n","protected":false},"excerpt":{"rendered":"<p>Vorf\u00fchrmotorrad mit wenig KM! inkl. Original Yamaha Seitenkoffer!elektronisches Fahrwerk!KeyLess-GO!Tempomat!verschiedene Fahrmodi!Slidecontrol!Liftcontrol!Traktionskontrolle!ABS! Finanzierung inkl. Totalschadenkasko m\u00f6glich! INFOS:+43 4242 325 97 519 Pascal &#038; Edi+43 4242 325 97 518 Manueloder villach@ginzinger.at Eintausch oder Ankauf deines Bikes ist m\u00f6glich.Weitere Gebrauchtmotorr\u00e4der unter www.ginzinger.at9500 Villach, Ossiacher-Zeile 16Tippfehler, Irrt\u00fcmer und \u00c4nderungen vorbehalten!Dynamisches FahrwerkElektronisches FahrwerkFahrmodiKollisions WarnerKombiniertes BremssystemKurven-ABSRadar TempomatRide by WireSchaltassistent mit BlipperTotwinkel AssistentWheelie [&hellip;]<\/p>\n","protected":false},"featured_media":764985,"comment_status":"closed","ping_status":"open","template":"","meta":{"_acf_changed":false},"product_brand":[280],"product_cat":[281,331,155],"product_tag":[594,213,282],"class_list":{"0":"post-764984","1":"product","2":"type-product","3":"status-publish","4":"has-post-thumbnail","6":"product_brand-yamaha","7":"product_cat-gm","8":"product_cat-yamaha","9":"product_cat-zweirad","10":"product_tag-sporttourer","11":"product_tag-villach","12":"product_tag-yamaha","13":"pa_biketyp-sporttourer","14":"pa_hubraumklasse-501-bis-900","15":"pa_kw-klasse-71-bis-120","16":"pa_zustand-gm","18":"first","19":"instock","20":"product-type-simple"},"acf":[],"_links":{"self":[{"href":"https:\/\/ginzinger.bike\/index.php?rest_route=\/wp\/v2\/product\/764984","targetHints":{"allow":["GET"]}}],"collection":[{"href":"https:\/\/ginzinger.bike\/index.php?rest_route=\/wp\/v2\/product"}],"about":[{"href":"https:\/\/ginzinger.bike\/index.php?rest_route=\/wp\/v2\/types\/product"}],"replies":[{"embeddable":true,"href":"https:\/\/ginzinger.bike\/index.php?rest_route=%2Fwp%2Fv2%2Fcomments&post=764984"}],"wp:featuredmedia":[{"embeddable":true,"href":"https:\/\/ginzinger.bike\/index.php?rest_route=\/wp\/v2\/media\/764985"}],"wp:attachment":[{"href":"https:\/\/ginzinger.bike\/index.php?rest_route=%2Fwp%2Fv2%2Fmedia&parent=764984"}],"wp:term":[{"taxonomy":"product_brand","embeddable":true,"href":"https:\/\/ginzinger.bike\/index.php?rest_route=%2Fwp%2Fv2%2Fproduct_brand&post=764984"},{"taxonomy":"product_cat","embeddable":true,"href":"https:\/\/ginzinger.bike\/index.php?rest_route=%2Fwp%2Fv2%2Fproduct_cat&post=764984"},{"taxonomy":"product_tag","embeddable":true,"href":"https:\/\/ginzinger.bike\/index.php?rest_route=%2Fwp%2Fv2%2Fproduct_tag&post=764984"}],"curies":[{"name":"wp","href":"https:\/\/api.w.org\/{rel}","templated":true}]}}