{"id":765118,"date":"2026-02-18T03:31:28","date_gmt":"2026-02-18T02:31:28","guid":{"rendered":"https:\/\/www.test.ginzinger.bike\/?product=villach-honda-cb500x"},"modified":"2026-02-18T03:31:28","modified_gmt":"2026-02-18T02:31:28","slug":"villach-honda-cb500x-3442826","status":"publish","type":"product","link":"https:\/\/ginzinger.bike\/?product=villach-honda-cb500x-3442826","title":{"rendered":"CB500X"},"content":{"rendered":"<p>Top A2-Tourer!<\/p>\n<p>inkl. Navihalter! Navigationssystem gegen Aufpreis erh\u00e4ltlich!<br \/>Sturzb\u00fcgel!<br \/>Topcasetr\u00e4ger!<br \/>Kratzer am Auspuff!<\/p>\n<p>Finanzierung inkl. Totalschadenkasko m\u00f6glich!<\/p>\n<p>INFOS:<br \/>+43 4242 325 97 519 Pascal &#038; Edi<br \/>+43 4242 325 97 518 Manuel<br \/>oder villach@ginzinger.at<\/p>\n<p>Eintausch oder Ankauf deines Bikes ist m\u00f6glich.<br \/>Weitere Gebrauchtmotorr\u00e4der unter www.ginzinger.at<br \/>9500 Villach, Ossiacher-Zeile 16<br \/>Tippfehler, Irrt\u00fcmer und \u00c4nderungen vorbehalten!<br \/>\n<!--more--><br \/>\nKontaktformular der Filiale \/ Infos direkter Kontaktlink<\/p>\n","protected":false},"excerpt":{"rendered":"<p>Top A2-Tourer! inkl. Navihalter! Navigationssystem gegen Aufpreis erh\u00e4ltlich!Sturzb\u00fcgel!Topcasetr\u00e4ger!Kratzer am Auspuff! Finanzierung inkl. Totalschadenkasko m\u00f6glich! INFOS:+43 4242 325 97 519 Pascal &#038; Edi+43 4242 325 97 518 Manueloder villach@ginzinger.at Eintausch oder Ankauf deines Bikes ist m\u00f6glich.Weitere Gebrauchtmotorr\u00e4der unter www.ginzinger.at9500 Villach, Ossiacher-Zeile 16Tippfehler, Irrt\u00fcmer und \u00c4nderungen vorbehalten!<\/p>\n","protected":false},"featured_media":765119,"comment_status":"closed","ping_status":"open","template":"","meta":{"_acf_changed":false},"product_brand":[567],"product_cat":[281,568,155],"product_tag":[591,526,213],"class_list":{"0":"post-765118","1":"product","2":"type-product","3":"status-publish","4":"has-post-thumbnail","6":"product_brand-honda","7":"product_cat-gm","8":"product_cat-honda","9":"product_cat-zweirad","10":"product_tag-enduro","11":"product_tag-honda","12":"product_tag-villach","13":"pa_biketyp-enduro","14":"pa_hubraumklasse-126-bis-500","15":"pa_kw-klasse-12-bis-35","16":"pa_zustand-gm","18":"first","19":"instock","20":"product-type-simple"},"acf":[],"_links":{"self":[{"href":"https:\/\/ginzinger.bike\/index.php?rest_route=\/wp\/v2\/product\/765118","targetHints":{"allow":["GET"]}}],"collection":[{"href":"https:\/\/ginzinger.bike\/index.php?rest_route=\/wp\/v2\/product"}],"about":[{"href":"https:\/\/ginzinger.bike\/index.php?rest_route=\/wp\/v2\/types\/product"}],"replies":[{"embeddable":true,"href":"https:\/\/ginzinger.bike\/index.php?rest_route=%2Fwp%2Fv2%2Fcomments&post=765118"}],"wp:featuredmedia":[{"embeddable":true,"href":"https:\/\/ginzinger.bike\/index.php?rest_route=\/wp\/v2\/media\/765119"}],"wp:attachment":[{"href":"https:\/\/ginzinger.bike\/index.php?rest_route=%2Fwp%2Fv2%2Fmedia&parent=765118"}],"wp:term":[{"taxonomy":"product_brand","embeddable":true,"href":"https:\/\/ginzinger.bike\/index.php?rest_route=%2Fwp%2Fv2%2Fproduct_brand&post=765118"},{"taxonomy":"product_cat","embeddable":true,"href":"https:\/\/ginzinger.bike\/index.php?rest_route=%2Fwp%2Fv2%2Fproduct_cat&post=765118"},{"taxonomy":"product_tag","embeddable":true,"href":"https:\/\/ginzinger.bike\/index.php?rest_route=%2Fwp%2Fv2%2Fproduct_tag&post=765118"}],"curies":[{"name":"wp","href":"https:\/\/api.w.org\/{rel}","templated":true}]}}