{"id":765138,"date":"2026-02-18T03:31:26","date_gmt":"2026-02-18T02:31:26","guid":{"rendered":"https:\/\/www.test.ginzinger.bike\/?product=villach-suzuki-burgman-400"},"modified":"2026-02-18T03:31:26","modified_gmt":"2026-02-18T02:31:26","slug":"villach-suzuki-burgman-400-3442821","status":"publish","type":"product","link":"https:\/\/ginzinger.bike\/?product=villach-suzuki-burgman-400-3442821","title":{"rendered":"Burgman 400"},"content":{"rendered":"<p>Privatverkauf! &#8211; Keine Gew\u00e4hrleistung!<\/p>\n<p>Top Servicegepflegter Roller in sch\u00f6nem Zustand!<\/p>\n<p>inkl. Topcase!<br \/>frisches Service!<br \/>L\u00fcckenloses Serviceheft von uns!<\/p>\n<p>Finanzierung inkl. Totalschadenkasko m\u00f6glich!<\/p>\n<p>INFOS:<br \/>+43 4242 325 97 519 Pascal &#038; Edi<br \/>+43 4242 325 97 518 Manuel<br \/>oder villach@ginzinger.at<\/p>\n<p>Eintausch oder Ankauf deines Bikes ist m\u00f6glich.<br \/>Weitere Gebrauchtmotorr\u00e4der unter www.ginzinger.at<br \/>9500 Villach, Ossiacher-Zeile 16<br \/>Tippfehler, Irrt\u00fcmer und \u00c4nderungen vorbehalten!<br \/>\n<!--more--><br \/>\nKontaktformular der Filiale \/ Infos direkter Kontaktlink<\/p>\n","protected":false},"excerpt":{"rendered":"<p>Privatverkauf! &#8211; Keine Gew\u00e4hrleistung! Top Servicegepflegter Roller in sch\u00f6nem Zustand! inkl. Topcase!frisches Service!L\u00fcckenloses Serviceheft von uns! Finanzierung inkl. Totalschadenkasko m\u00f6glich! INFOS:+43 4242 325 97 519 Pascal &#038; Edi+43 4242 325 97 518 Manueloder villach@ginzinger.at Eintausch oder Ankauf deines Bikes ist m\u00f6glich.Weitere Gebrauchtmotorr\u00e4der unter www.ginzinger.at9500 Villach, Ossiacher-Zeile 16Tippfehler, Irrt\u00fcmer und \u00c4nderungen vorbehalten!<\/p>\n","protected":false},"featured_media":765139,"comment_status":"closed","ping_status":"open","template":"","meta":{"_acf_changed":false},"product_brand":[283],"product_cat":[281,566,155],"product_tag":[357,284,213],"class_list":{"0":"post-765138","1":"product","2":"type-product","3":"status-publish","4":"has-post-thumbnail","6":"product_brand-suzuki","7":"product_cat-gm","8":"product_cat-suzuki","9":"product_cat-zweirad","10":"product_tag-roller","11":"product_tag-suzuki","12":"product_tag-villach","13":"pa_biketyp-roller","14":"pa_hubraumklasse-126-bis-500","15":"pa_kw-klasse-12-bis-35","16":"pa_zustand-gm","18":"first","19":"instock","20":"product-type-simple"},"acf":[],"_links":{"self":[{"href":"https:\/\/ginzinger.bike\/index.php?rest_route=\/wp\/v2\/product\/765138","targetHints":{"allow":["GET"]}}],"collection":[{"href":"https:\/\/ginzinger.bike\/index.php?rest_route=\/wp\/v2\/product"}],"about":[{"href":"https:\/\/ginzinger.bike\/index.php?rest_route=\/wp\/v2\/types\/product"}],"replies":[{"embeddable":true,"href":"https:\/\/ginzinger.bike\/index.php?rest_route=%2Fwp%2Fv2%2Fcomments&post=765138"}],"wp:featuredmedia":[{"embeddable":true,"href":"https:\/\/ginzinger.bike\/index.php?rest_route=\/wp\/v2\/media\/765139"}],"wp:attachment":[{"href":"https:\/\/ginzinger.bike\/index.php?rest_route=%2Fwp%2Fv2%2Fmedia&parent=765138"}],"wp:term":[{"taxonomy":"product_brand","embeddable":true,"href":"https:\/\/ginzinger.bike\/index.php?rest_route=%2Fwp%2Fv2%2Fproduct_brand&post=765138"},{"taxonomy":"product_cat","embeddable":true,"href":"https:\/\/ginzinger.bike\/index.php?rest_route=%2Fwp%2Fv2%2Fproduct_cat&post=765138"},{"taxonomy":"product_tag","embeddable":true,"href":"https:\/\/ginzinger.bike\/index.php?rest_route=%2Fwp%2Fv2%2Fproduct_tag&post=765138"}],"curies":[{"name":"wp","href":"https:\/\/api.w.org\/{rel}","templated":true}]}}