{"id":765152,"date":"2026-02-18T03:31:25","date_gmt":"2026-02-18T02:31:25","guid":{"rendered":"https:\/\/www.test.ginzinger.bike\/?product=villach-beta-spm-125-lc-4t"},"modified":"2026-02-18T03:31:25","modified_gmt":"2026-02-18T02:31:25","slug":"villach-beta-spm-125-lc-4t-3442819","status":"publish","type":"product","link":"https:\/\/ginzinger.bike\/?product=villach-beta-spm-125-lc-4t-3442819","title":{"rendered":"SPM 125 LC 4T"},"content":{"rendered":"<p>Gebrauchtfahrzeug OHNE ZULASSUNG!<\/p>\n<p>Fahrzeug wurde bewegt, allerdings NIE Zugelassen!<\/p>\n<p>Finanzierung inkl. Totalschadenkasko m\u00f6glich!<\/p>\n<p>INFOS:<br \/>+43 4242 325 97 519 Pascal &#038; Edi<br \/>+43 4242 325 97 518 Manuel<br \/>oder villach@ginzinger.at<\/p>\n<p>Eintausch oder Ankauf deines Bikes ist m\u00f6glich.<br \/>Weitere Gebrauchtmotorr\u00e4der unter www.ginzinger.at<br \/>9500 Villach, Ossiacher-Zeile 16<br \/>Tippfehler, Irrt\u00fcmer und \u00c4nderungen vorbehalten!<br \/>\n<!--more--><br \/>\nKontaktformular der Filiale \/ Infos direkter Kontaktlink<\/p>\n","protected":false},"excerpt":{"rendered":"<p>Gebrauchtfahrzeug OHNE ZULASSUNG! Fahrzeug wurde bewegt, allerdings NIE Zugelassen! Finanzierung inkl. Totalschadenkasko m\u00f6glich! INFOS:+43 4242 325 97 519 Pascal &#038; Edi+43 4242 325 97 518 Manueloder villach@ginzinger.at Eintausch oder Ankauf deines Bikes ist m\u00f6glich.Weitere Gebrauchtmotorr\u00e4der unter www.ginzinger.at9500 Villach, Ossiacher-Zeile 16Tippfehler, Irrt\u00fcmer und \u00c4nderungen vorbehalten!<\/p>\n","protected":false},"featured_media":765153,"comment_status":"closed","ping_status":"open","template":"","meta":{"_acf_changed":false},"product_brand":[271],"product_cat":[255,281,155],"product_tag":[259,593,213],"class_list":{"0":"post-765152","1":"product","2":"type-product","3":"status-publish","4":"has-post-thumbnail","6":"product_brand-beta","7":"product_cat-beta","8":"product_cat-gm","9":"product_cat-zweirad","10":"product_tag-beta","11":"product_tag-supermoto","12":"product_tag-villach","13":"pa_biketyp-supermoto","14":"pa_hubraumklasse-51-bis-125","15":"pa_kw-klasse-0-bis-11","16":"pa_zustand-gm","18":"first","19":"instock","20":"product-type-simple"},"acf":[],"_links":{"self":[{"href":"https:\/\/ginzinger.bike\/index.php?rest_route=\/wp\/v2\/product\/765152","targetHints":{"allow":["GET"]}}],"collection":[{"href":"https:\/\/ginzinger.bike\/index.php?rest_route=\/wp\/v2\/product"}],"about":[{"href":"https:\/\/ginzinger.bike\/index.php?rest_route=\/wp\/v2\/types\/product"}],"replies":[{"embeddable":true,"href":"https:\/\/ginzinger.bike\/index.php?rest_route=%2Fwp%2Fv2%2Fcomments&post=765152"}],"wp:featuredmedia":[{"embeddable":true,"href":"https:\/\/ginzinger.bike\/index.php?rest_route=\/wp\/v2\/media\/765153"}],"wp:attachment":[{"href":"https:\/\/ginzinger.bike\/index.php?rest_route=%2Fwp%2Fv2%2Fmedia&parent=765152"}],"wp:term":[{"taxonomy":"product_brand","embeddable":true,"href":"https:\/\/ginzinger.bike\/index.php?rest_route=%2Fwp%2Fv2%2Fproduct_brand&post=765152"},{"taxonomy":"product_cat","embeddable":true,"href":"https:\/\/ginzinger.bike\/index.php?rest_route=%2Fwp%2Fv2%2Fproduct_cat&post=765152"},{"taxonomy":"product_tag","embeddable":true,"href":"https:\/\/ginzinger.bike\/index.php?rest_route=%2Fwp%2Fv2%2Fproduct_tag&post=765152"}],"curies":[{"name":"wp","href":"https:\/\/api.w.org\/{rel}","templated":true}]}}