{"id":765204,"date":"2026-02-18T03:31:30","date_gmt":"2026-02-18T02:31:30","guid":{"rendered":"https:\/\/www.test.ginzinger.bike\/?product=villach-ktm-390-adventure"},"modified":"2026-02-18T03:31:30","modified_gmt":"2026-02-18T02:31:30","slug":"villach-ktm-390-adventure-3450061","status":"publish","type":"product","link":"https:\/\/ginzinger.bike\/?product=villach-ktm-390-adventure-3450061","title":{"rendered":"390 Adventure"},"content":{"rendered":"<p>PRIVATANGEBOT!!<\/p>\n<p>Fahrzeug in sehr sauberem Zustand<\/p>\n<p>Pickerl (g\u00fcltig bis 06\/2027)<\/p>\n<p>sch\u00f6ner Zustand<\/p>\n<p>Finanzierung ohne Anzahlung m\u00f6glich<\/p>\n<p>INFOS:<br \/>Pascal &#038; Edi<br \/>Manuel<br \/>oder<\/p>\n<p>Eintausch oder Ankauf deines Bikes ist m\u00f6glich.<br \/>Weitere Gebrauchtmotorr\u00e4der unter<br \/>9500 Villach, Ossiacher-Zeile 16<br \/>Tippfehler, Irrt\u00fcmer und \u00c4nderungen vorbehalten!<br \/>\n<!--more--><br \/>\nKontaktformular der Filiale \/ Infos direkter Kontaktlink<\/p>\n","protected":false},"excerpt":{"rendered":"<p>PRIVATANGEBOT!! Fahrzeug in sehr sauberem Zustand Pickerl (g\u00fcltig bis 06\/2027) sch\u00f6ner Zustand Finanzierung ohne Anzahlung m\u00f6glich INFOS:Pascal &#038; EdiManueloder Eintausch oder Ankauf deines Bikes ist m\u00f6glich.Weitere Gebrauchtmotorr\u00e4der unter9500 Villach, Ossiacher-Zeile 16Tippfehler, Irrt\u00fcmer und \u00c4nderungen vorbehalten!<\/p>\n","protected":false},"featured_media":765205,"comment_status":"closed","ping_status":"open","template":"","meta":{"_acf_changed":false},"product_brand":[569],"product_cat":[281,570,155],"product_tag":[591,528,213],"class_list":{"0":"post-765204","1":"product","2":"type-product","3":"status-publish","4":"has-post-thumbnail","6":"product_brand-ktm","7":"product_cat-gm","8":"product_cat-ktm","9":"product_cat-zweirad","10":"product_tag-enduro","11":"product_tag-ktm","12":"product_tag-villach","13":"pa_biketyp-enduro","14":"pa_hubraumklasse-126-bis-500","15":"pa_kw-klasse-12-bis-35","16":"pa_zustand-gm","18":"first","19":"instock","20":"product-type-simple"},"acf":[],"_links":{"self":[{"href":"https:\/\/ginzinger.bike\/index.php?rest_route=\/wp\/v2\/product\/765204","targetHints":{"allow":["GET"]}}],"collection":[{"href":"https:\/\/ginzinger.bike\/index.php?rest_route=\/wp\/v2\/product"}],"about":[{"href":"https:\/\/ginzinger.bike\/index.php?rest_route=\/wp\/v2\/types\/product"}],"replies":[{"embeddable":true,"href":"https:\/\/ginzinger.bike\/index.php?rest_route=%2Fwp%2Fv2%2Fcomments&post=765204"}],"wp:featuredmedia":[{"embeddable":true,"href":"https:\/\/ginzinger.bike\/index.php?rest_route=\/wp\/v2\/media\/765205"}],"wp:attachment":[{"href":"https:\/\/ginzinger.bike\/index.php?rest_route=%2Fwp%2Fv2%2Fmedia&parent=765204"}],"wp:term":[{"taxonomy":"product_brand","embeddable":true,"href":"https:\/\/ginzinger.bike\/index.php?rest_route=%2Fwp%2Fv2%2Fproduct_brand&post=765204"},{"taxonomy":"product_cat","embeddable":true,"href":"https:\/\/ginzinger.bike\/index.php?rest_route=%2Fwp%2Fv2%2Fproduct_cat&post=765204"},{"taxonomy":"product_tag","embeddable":true,"href":"https:\/\/ginzinger.bike\/index.php?rest_route=%2Fwp%2Fv2%2Fproduct_tag&post=765204"}],"curies":[{"name":"wp","href":"https:\/\/api.w.org\/{rel}","templated":true}]}}