{"id":765229,"date":"2026-02-18T03:31:28","date_gmt":"2026-02-18T02:31:28","guid":{"rendered":"https:\/\/www.test.ginzinger.bike\/?product=villach-honda-nt1100-dct"},"modified":"2026-02-18T03:31:29","modified_gmt":"2026-02-18T02:31:29","slug":"villach-honda-nt1100-dct-3442830","status":"publish","type":"product","link":"https:\/\/ginzinger.bike\/?product=villach-honda-nt1100-dct-3442830","title":{"rendered":"NT1100 DCT"},"content":{"rendered":"<p>inkl. Werksgarantie!<\/p>\n<p>Top Tourer mit wenig KM!<\/p>\n<p>inkl. Seitenkoffer!<br \/>DCT-Getriebe!<br \/>Apple CarPlay und Android Auto!<br \/>verschiedene Fahrmodi!<br \/>Traktionskontrolle!<br \/>ABS!<\/p>\n<p>Finanzierung inkl. Totalschadenkasko m\u00f6glich!<\/p>\n<p>INFOS:<br \/>+43 4242 325 97 519 Pascal &#038; Edi<br \/>+43 4242 325 97 518 Manuel<br \/>oder villach@ginzinger.at<\/p>\n<p>Eintausch oder Ankauf deines Bikes ist m\u00f6glich.<br \/>Weitere Gebrauchtmotorr\u00e4der unter www.ginzinger.at<br \/>9500 Villach, Ossiacher-Zeile 16<br \/>Tippfehler, Irrt\u00fcmer und \u00c4nderungen vorbehalten!<br \/>Fahrmodi<br \/>Ride by Wire<br \/>Wheelie Kontrolle<br \/>\n<!--more--><br \/>\nKontaktformular der Filiale \/ Infos direkter Kontaktlink<\/p>\n","protected":false},"excerpt":{"rendered":"<p>inkl. Werksgarantie! Top Tourer mit wenig KM! inkl. Seitenkoffer!DCT-Getriebe!Apple CarPlay und Android Auto!verschiedene Fahrmodi!Traktionskontrolle!ABS! Finanzierung inkl. Totalschadenkasko m\u00f6glich! INFOS:+43 4242 325 97 519 Pascal &#038; Edi+43 4242 325 97 518 Manueloder villach@ginzinger.at Eintausch oder Ankauf deines Bikes ist m\u00f6glich.Weitere Gebrauchtmotorr\u00e4der unter www.ginzinger.at9500 Villach, Ossiacher-Zeile 16Tippfehler, Irrt\u00fcmer und \u00c4nderungen vorbehalten!FahrmodiRide by WireWheelie Kontrolle<\/p>\n","protected":false},"featured_media":765230,"comment_status":"closed","ping_status":"open","template":"","meta":{"_acf_changed":false},"product_brand":[567],"product_cat":[281,568,155],"product_tag":[526,595,213],"class_list":{"0":"post-765229","1":"product","2":"type-product","3":"status-publish","4":"has-post-thumbnail","6":"product_brand-honda","7":"product_cat-gm","8":"product_cat-honda","9":"product_cat-zweirad","10":"product_tag-honda","11":"product_tag-tourer","12":"product_tag-villach","13":"pa_biketyp-tourer","14":"pa_hubraumklasse-901-bis-1200","15":"pa_kw-klasse-71-bis-120","16":"pa_zustand-gm","18":"first","19":"instock","20":"product-type-simple"},"acf":[],"_links":{"self":[{"href":"https:\/\/ginzinger.bike\/index.php?rest_route=\/wp\/v2\/product\/765229","targetHints":{"allow":["GET"]}}],"collection":[{"href":"https:\/\/ginzinger.bike\/index.php?rest_route=\/wp\/v2\/product"}],"about":[{"href":"https:\/\/ginzinger.bike\/index.php?rest_route=\/wp\/v2\/types\/product"}],"replies":[{"embeddable":true,"href":"https:\/\/ginzinger.bike\/index.php?rest_route=%2Fwp%2Fv2%2Fcomments&post=765229"}],"wp:featuredmedia":[{"embeddable":true,"href":"https:\/\/ginzinger.bike\/index.php?rest_route=\/wp\/v2\/media\/765230"}],"wp:attachment":[{"href":"https:\/\/ginzinger.bike\/index.php?rest_route=%2Fwp%2Fv2%2Fmedia&parent=765229"}],"wp:term":[{"taxonomy":"product_brand","embeddable":true,"href":"https:\/\/ginzinger.bike\/index.php?rest_route=%2Fwp%2Fv2%2Fproduct_brand&post=765229"},{"taxonomy":"product_cat","embeddable":true,"href":"https:\/\/ginzinger.bike\/index.php?rest_route=%2Fwp%2Fv2%2Fproduct_cat&post=765229"},{"taxonomy":"product_tag","embeddable":true,"href":"https:\/\/ginzinger.bike\/index.php?rest_route=%2Fwp%2Fv2%2Fproduct_tag&post=765229"}],"curies":[{"name":"wp","href":"https:\/\/api.w.org\/{rel}","templated":true}]}}