{"id":765261,"date":"2026-02-18T03:31:32","date_gmt":"2026-02-18T02:31:32","guid":{"rendered":"https:\/\/www.test.ginzinger.bike\/?product=villach-beta-rr-50-motard-track"},"modified":"2026-02-18T03:31:32","modified_gmt":"2026-02-18T02:31:32","slug":"villach-beta-rr-50-motard-track-3457655","status":"publish","type":"product","link":"https:\/\/ginzinger.bike\/?product=villach-beta-rr-50-motard-track-3457655","title":{"rendered":"RR 50 Motard Track"},"content":{"rendered":"<p>inkl. 1 Jahr Gew\u00e4hrleistung!<\/p>\n<p>Fahrzeug stammt aus Erstbesitz! Motor frisch von uns Revidiert!<\/p>\n<p>Leichte Gebrauchsspuren Links\/Rechts!<\/p>\n<p>INFOS:<br \/>Pascal, Edi oder Manuel!<br \/>Eintausch oder Ankauf deines Bikes ist m\u00f6glich.<br \/>Finden Sie noch viele weitere Gebrauchtmotorr\u00e4der auf unserer Website!<br \/>9500 Villach, Ossiacher-Zeile 16<br \/>Tippfehler, Irrt\u00fcmer und \u00c4nderungen vorbehalten!<br \/>\n<!--more--><br \/>\nKontaktformular der Filiale \/ Infos direkter Kontaktlink<\/p>\n","protected":false},"excerpt":{"rendered":"<p>inkl. 1 Jahr Gew\u00e4hrleistung! Fahrzeug stammt aus Erstbesitz! Motor frisch von uns Revidiert! Leichte Gebrauchsspuren Links\/Rechts! INFOS:Pascal, Edi oder Manuel!Eintausch oder Ankauf deines Bikes ist m\u00f6glich.Finden Sie noch viele weitere Gebrauchtmotorr\u00e4der auf unserer Website!9500 Villach, Ossiacher-Zeile 16Tippfehler, Irrt\u00fcmer und \u00c4nderungen vorbehalten!<\/p>\n","protected":false},"featured_media":765262,"comment_status":"closed","ping_status":"open","template":"","meta":{"_acf_changed":false},"product_brand":[271],"product_cat":[255,281,155],"product_tag":[259,593,213],"class_list":{"0":"post-765261","1":"product","2":"type-product","3":"status-publish","4":"has-post-thumbnail","6":"product_brand-beta","7":"product_cat-beta","8":"product_cat-gm","9":"product_cat-zweirad","10":"product_tag-beta","11":"product_tag-supermoto","12":"product_tag-villach","13":"pa_biketyp-supermoto","14":"pa_hubraumklasse-0-bis-50","15":"pa_kw-klasse-0-bis-11","16":"pa_zustand-gm","18":"first","19":"instock","20":"product-type-simple"},"acf":[],"_links":{"self":[{"href":"https:\/\/ginzinger.bike\/index.php?rest_route=\/wp\/v2\/product\/765261","targetHints":{"allow":["GET"]}}],"collection":[{"href":"https:\/\/ginzinger.bike\/index.php?rest_route=\/wp\/v2\/product"}],"about":[{"href":"https:\/\/ginzinger.bike\/index.php?rest_route=\/wp\/v2\/types\/product"}],"replies":[{"embeddable":true,"href":"https:\/\/ginzinger.bike\/index.php?rest_route=%2Fwp%2Fv2%2Fcomments&post=765261"}],"wp:featuredmedia":[{"embeddable":true,"href":"https:\/\/ginzinger.bike\/index.php?rest_route=\/wp\/v2\/media\/765262"}],"wp:attachment":[{"href":"https:\/\/ginzinger.bike\/index.php?rest_route=%2Fwp%2Fv2%2Fmedia&parent=765261"}],"wp:term":[{"taxonomy":"product_brand","embeddable":true,"href":"https:\/\/ginzinger.bike\/index.php?rest_route=%2Fwp%2Fv2%2Fproduct_brand&post=765261"},{"taxonomy":"product_cat","embeddable":true,"href":"https:\/\/ginzinger.bike\/index.php?rest_route=%2Fwp%2Fv2%2Fproduct_cat&post=765261"},{"taxonomy":"product_tag","embeddable":true,"href":"https:\/\/ginzinger.bike\/index.php?rest_route=%2Fwp%2Fv2%2Fproduct_tag&post=765261"}],"curies":[{"name":"wp","href":"https:\/\/api.w.org\/{rel}","templated":true}]}}