{"id":765272,"date":"2026-02-18T03:31:31","date_gmt":"2026-02-18T02:31:31","guid":{"rendered":"https:\/\/www.test.ginzinger.bike\/?product=villach-suzuki-gsx-s125"},"modified":"2026-02-18T03:31:31","modified_gmt":"2026-02-18T02:31:31","slug":"villach-suzuki-gsx-s125-3460358","status":"publish","type":"product","link":"https:\/\/ginzinger.bike\/?product=villach-suzuki-gsx-s125-3460358","title":{"rendered":"GSX-S125"},"content":{"rendered":"<p>inkl. 1 Jahr Gew\u00e4hrleistung!<\/p>\n<p>Top Nakedbike!<\/p>\n<p>Finanzierung inkl. Totalschadenkasko m\u00f6glich!<br \/>INFOS:<br \/>Pascal, Edi oder Manuel!<br \/>Eintausch oder Ankauf deines Bikes ist m\u00f6glich.<br \/>Finden Sie noch viele weitere Gebrauchtmotorr\u00e4der auf unserer Website!<br \/>9500 Villach, Ossiacher-Zeile 16<br \/>Tippfehler, Irrt\u00fcmer und \u00c4nderungen vorbehalten!<br \/>\n<!--more--><br \/>\nKontaktformular der Filiale \/ Infos direkter Kontaktlink<\/p>\n","protected":false},"excerpt":{"rendered":"<p>inkl. 1 Jahr Gew\u00e4hrleistung! Top Nakedbike! Finanzierung inkl. Totalschadenkasko m\u00f6glich!INFOS:Pascal, Edi oder Manuel!Eintausch oder Ankauf deines Bikes ist m\u00f6glich.Finden Sie noch viele weitere Gebrauchtmotorr\u00e4der auf unserer Website!9500 Villach, Ossiacher-Zeile 16Tippfehler, Irrt\u00fcmer und \u00c4nderungen vorbehalten!<\/p>\n","protected":false},"featured_media":765273,"comment_status":"closed","ping_status":"open","template":"","meta":{"_acf_changed":false},"product_brand":[283],"product_cat":[281,566,155],"product_tag":[592,284,213],"class_list":{"0":"post-765272","1":"product","2":"type-product","3":"status-publish","4":"has-post-thumbnail","6":"product_brand-suzuki","7":"product_cat-gm","8":"product_cat-suzuki","9":"product_cat-zweirad","10":"product_tag-naked-bike","11":"product_tag-suzuki","12":"product_tag-villach","13":"pa_biketyp-naked-bike","14":"pa_hubraumklasse-51-bis-125","15":"pa_kw-klasse-0-bis-11","16":"pa_zustand-gm","18":"first","19":"instock","20":"product-type-simple"},"acf":[],"_links":{"self":[{"href":"https:\/\/ginzinger.bike\/index.php?rest_route=\/wp\/v2\/product\/765272","targetHints":{"allow":["GET"]}}],"collection":[{"href":"https:\/\/ginzinger.bike\/index.php?rest_route=\/wp\/v2\/product"}],"about":[{"href":"https:\/\/ginzinger.bike\/index.php?rest_route=\/wp\/v2\/types\/product"}],"replies":[{"embeddable":true,"href":"https:\/\/ginzinger.bike\/index.php?rest_route=%2Fwp%2Fv2%2Fcomments&post=765272"}],"wp:featuredmedia":[{"embeddable":true,"href":"https:\/\/ginzinger.bike\/index.php?rest_route=\/wp\/v2\/media\/765273"}],"wp:attachment":[{"href":"https:\/\/ginzinger.bike\/index.php?rest_route=%2Fwp%2Fv2%2Fmedia&parent=765272"}],"wp:term":[{"taxonomy":"product_brand","embeddable":true,"href":"https:\/\/ginzinger.bike\/index.php?rest_route=%2Fwp%2Fv2%2Fproduct_brand&post=765272"},{"taxonomy":"product_cat","embeddable":true,"href":"https:\/\/ginzinger.bike\/index.php?rest_route=%2Fwp%2Fv2%2Fproduct_cat&post=765272"},{"taxonomy":"product_tag","embeddable":true,"href":"https:\/\/ginzinger.bike\/index.php?rest_route=%2Fwp%2Fv2%2Fproduct_tag&post=765272"}],"curies":[{"name":"wp","href":"https:\/\/api.w.org\/{rel}","templated":true}]}}