{"id":765286,"date":"2026-02-18T03:31:33","date_gmt":"2026-02-18T02:31:33","guid":{"rendered":"https:\/\/www.test.ginzinger.bike\/?product=villach-indian-scout-bobber"},"modified":"2026-02-18T03:31:33","modified_gmt":"2026-02-18T02:31:33","slug":"villach-indian-scout-bobber-3465638","status":"publish","type":"product","link":"https:\/\/ginzinger.bike\/?product=villach-indian-scout-bobber-3465638","title":{"rendered":"Scout Bobber"},"content":{"rendered":"<p>Fahrzeug stammt aus Erstbesitz, perfekter Zustand mit Extras!<br \/>inkl. Soziussitzbank!<\/p>\n<p>seitlicher Kennzeichenhalter!<\/p>\n<p>Soziusfu\u00dfrasten!<\/p>\n<p>Griffheizung!<\/p>\n<p>Mini-Blinker (Wunderkind)!<\/p>\n<p>Seitentasche!<\/p>\n<p>Navi!<\/p>\n<p>Finanzierung inkl. Totalschadenkasko m\u00f6glich!<\/p>\n<p>INFOS:<br \/>Pascal, Edi oder Manuel!<br \/>Eintausch oder Ankauf deines Bikes ist m\u00f6glich.<br \/>Finden Sie noch viele weitere Gebrauchtmotorr\u00e4der auf unserer Website!<br \/>9500 Villach, Ossiacher-Zeile 16<br \/>Tippfehler, Irrt\u00fcmer und \u00c4nderungen vorbehalten!<br \/>\n<!--more--><br \/>\nKontaktformular der Filiale \/ Infos direkter Kontaktlink<\/p>\n","protected":false},"excerpt":{"rendered":"<p>Fahrzeug stammt aus Erstbesitz, perfekter Zustand mit Extras!inkl. Soziussitzbank! seitlicher Kennzeichenhalter! Soziusfu\u00dfrasten! Griffheizung! Mini-Blinker (Wunderkind)! Seitentasche! Navi! Finanzierung inkl. Totalschadenkasko m\u00f6glich! INFOS:Pascal, Edi oder Manuel!Eintausch oder Ankauf deines Bikes ist m\u00f6glich.Finden Sie noch viele weitere Gebrauchtmotorr\u00e4der auf unserer Website!9500 Villach, Ossiacher-Zeile 16Tippfehler, Irrt\u00fcmer und \u00c4nderungen vorbehalten!<\/p>\n","protected":false},"featured_media":765287,"comment_status":"closed","ping_status":"open","template":"","meta":{"_acf_changed":false},"product_brand":[586],"product_cat":[281,587,155],"product_tag":[590,588,213],"class_list":{"0":"post-765286","1":"product","2":"type-product","3":"status-publish","4":"has-post-thumbnail","6":"product_brand-indian","7":"product_cat-gm","8":"product_cat-indian","9":"product_cat-zweirad","10":"product_tag-cruiser","11":"product_tag-indian","12":"product_tag-villach","13":"pa_biketyp-cruiser","14":"pa_hubraumklasse-ueber-1200","15":"pa_kw-klasse-71-bis-120","16":"pa_zustand-gm","18":"first","19":"instock","20":"product-type-simple"},"acf":[],"_links":{"self":[{"href":"https:\/\/ginzinger.bike\/index.php?rest_route=\/wp\/v2\/product\/765286","targetHints":{"allow":["GET"]}}],"collection":[{"href":"https:\/\/ginzinger.bike\/index.php?rest_route=\/wp\/v2\/product"}],"about":[{"href":"https:\/\/ginzinger.bike\/index.php?rest_route=\/wp\/v2\/types\/product"}],"replies":[{"embeddable":true,"href":"https:\/\/ginzinger.bike\/index.php?rest_route=%2Fwp%2Fv2%2Fcomments&post=765286"}],"wp:featuredmedia":[{"embeddable":true,"href":"https:\/\/ginzinger.bike\/index.php?rest_route=\/wp\/v2\/media\/765287"}],"wp:attachment":[{"href":"https:\/\/ginzinger.bike\/index.php?rest_route=%2Fwp%2Fv2%2Fmedia&parent=765286"}],"wp:term":[{"taxonomy":"product_brand","embeddable":true,"href":"https:\/\/ginzinger.bike\/index.php?rest_route=%2Fwp%2Fv2%2Fproduct_brand&post=765286"},{"taxonomy":"product_cat","embeddable":true,"href":"https:\/\/ginzinger.bike\/index.php?rest_route=%2Fwp%2Fv2%2Fproduct_cat&post=765286"},{"taxonomy":"product_tag","embeddable":true,"href":"https:\/\/ginzinger.bike\/index.php?rest_route=%2Fwp%2Fv2%2Fproduct_tag&post=765286"}],"curies":[{"name":"wp","href":"https:\/\/api.w.org\/{rel}","templated":true}]}}