{"id":765318,"date":"2026-02-18T03:31:34","date_gmt":"2026-02-18T02:31:34","guid":{"rendered":"https:\/\/www.test.ginzinger.bike\/?product=villach-vespa-primavera-50"},"modified":"2026-02-18T03:31:34","modified_gmt":"2026-02-18T02:31:34","slug":"villach-vespa-primavera-50-3467310","status":"publish","type":"product","link":"https:\/\/ginzinger.bike\/?product=villach-vespa-primavera-50-3467310","title":{"rendered":"Primavera 50"},"content":{"rendered":"<p>Privatverkauf! &#8211; Keine Gew\u00e4hrleistung!<\/p>\n<p>Top Kultroller mit wenig KM!<\/p>\n<p>Kratzer Links\/Rechts!<\/p>\n<p>Finanzierung inkl. Totalschadenkasko m\u00f6glich!<\/p>\n<p>INFOS:<br \/>Pascal, Edi oder Manuel!<br \/>Eintausch oder Ankauf deines Bikes ist m\u00f6glich.<br \/>Finden Sie noch viele weitere Gebrauchtmotorr\u00e4der auf unserer Website!<br \/>9500 Villach, Ossiacher-Zeile 16<br \/>Tippfehler, Irrt\u00fcmer und \u00c4nderungen vorbehalten!<br \/>\n<!--more--><br \/>\nKontaktformular der Filiale \/ Infos direkter Kontaktlink<\/p>\n","protected":false},"excerpt":{"rendered":"<p>Privatverkauf! &#8211; Keine Gew\u00e4hrleistung! Top Kultroller mit wenig KM! Kratzer Links\/Rechts! Finanzierung inkl. Totalschadenkasko m\u00f6glich! INFOS:Pascal, Edi oder Manuel!Eintausch oder Ankauf deines Bikes ist m\u00f6glich.Finden Sie noch viele weitere Gebrauchtmotorr\u00e4der auf unserer Website!9500 Villach, Ossiacher-Zeile 16Tippfehler, Irrt\u00fcmer und \u00c4nderungen vorbehalten!<\/p>\n","protected":false},"featured_media":765319,"comment_status":"closed","ping_status":"open","template":"","meta":{"_acf_changed":false},"product_brand":[581],"product_cat":[281,582,155],"product_tag":[357,541,213],"class_list":{"0":"post-765318","1":"product","2":"type-product","3":"status-publish","4":"has-post-thumbnail","6":"product_brand-vespa","7":"product_cat-gm","8":"product_cat-vespa","9":"product_cat-zweirad","10":"product_tag-roller","11":"product_tag-vespa","12":"product_tag-villach","13":"pa_biketyp-roller","14":"pa_hubraumklasse-0-bis-50","15":"pa_kw-klasse-0-bis-11","16":"pa_zustand-gm","18":"first","19":"instock","20":"product-type-simple"},"acf":[],"_links":{"self":[{"href":"https:\/\/ginzinger.bike\/index.php?rest_route=\/wp\/v2\/product\/765318","targetHints":{"allow":["GET"]}}],"collection":[{"href":"https:\/\/ginzinger.bike\/index.php?rest_route=\/wp\/v2\/product"}],"about":[{"href":"https:\/\/ginzinger.bike\/index.php?rest_route=\/wp\/v2\/types\/product"}],"replies":[{"embeddable":true,"href":"https:\/\/ginzinger.bike\/index.php?rest_route=%2Fwp%2Fv2%2Fcomments&post=765318"}],"wp:featuredmedia":[{"embeddable":true,"href":"https:\/\/ginzinger.bike\/index.php?rest_route=\/wp\/v2\/media\/765319"}],"wp:attachment":[{"href":"https:\/\/ginzinger.bike\/index.php?rest_route=%2Fwp%2Fv2%2Fmedia&parent=765318"}],"wp:term":[{"taxonomy":"product_brand","embeddable":true,"href":"https:\/\/ginzinger.bike\/index.php?rest_route=%2Fwp%2Fv2%2Fproduct_brand&post=765318"},{"taxonomy":"product_cat","embeddable":true,"href":"https:\/\/ginzinger.bike\/index.php?rest_route=%2Fwp%2Fv2%2Fproduct_cat&post=765318"},{"taxonomy":"product_tag","embeddable":true,"href":"https:\/\/ginzinger.bike\/index.php?rest_route=%2Fwp%2Fv2%2Fproduct_tag&post=765318"}],"curies":[{"name":"wp","href":"https:\/\/api.w.org\/{rel}","templated":true}]}}