{"id":765334,"date":"2026-02-18T03:31:34","date_gmt":"2026-02-18T02:31:34","guid":{"rendered":"https:\/\/www.test.ginzinger.bike\/?product=innsbruck-united-motors-um-renegade-commando-125"},"modified":"2026-02-18T03:31:34","modified_gmt":"2026-02-18T02:31:34","slug":"innsbruck-united-motors-um-renegade-commando-125-3440691","status":"publish","type":"product","link":"https:\/\/ginzinger.bike\/?product=innsbruck-united-motors-um-renegade-commando-125-3440691","title":{"rendered":"Renegade Commando 125"},"content":{"rendered":"<p>aus erster Hand<\/p>\n<p>Service gepflegt<\/p>\n<p>Garagenfahrzeug<\/p>\n<p>125ccm in Chopper Optik<\/p>\n<p>uvm..<\/p>\n<p>Viele g\u00fcnstige Finanzierungsvarianten Vorhanden.<\/p>\n<p>Eintausch oder Ankauf deines Bikes ist m\u00f6glich.<\/p>\n<p>Weitere Gebrauchtmotorr\u00e4der unter www.ginzinger.at<\/p>\n<p>Informationen bei GINZINGER Innsbruck,<br \/>Telefonisch unter<br \/>0512\/277600 418 Roland<br \/>0512\/277600 419 Max<\/p>\n<p>Per Mail unter<br \/>innsbruck@ginzinger.at Roland<br \/>ibk.vk@ginzinger.at Max<\/p>\n<p>Vorbehaltlich Irrt\u00fcmer, Druckfehler oder Vorzeitiger Verkauf.<br \/>\n<!--more--><br \/>\nKontaktformular der Filiale \/ Infos direkter Kontaktlink<\/p>\n","protected":false},"excerpt":{"rendered":"<p>aus erster Hand Service gepflegt Garagenfahrzeug 125ccm in Chopper Optik uvm.. Viele g\u00fcnstige Finanzierungsvarianten Vorhanden. Eintausch oder Ankauf deines Bikes ist m\u00f6glich. Weitere Gebrauchtmotorr\u00e4der unter www.ginzinger.at Informationen bei GINZINGER Innsbruck,Telefonisch unter0512\/277600 418 Roland0512\/277600 419 Max Per Mail unterinnsbruck@ginzinger.at Rolandibk.vk@ginzinger.at Max Vorbehaltlich Irrt\u00fcmer, Druckfehler oder Vorzeitiger Verkauf.<\/p>\n","protected":false},"featured_media":765335,"comment_status":"closed","ping_status":"open","template":"","meta":{"_acf_changed":false},"product_brand":[560],"product_cat":[281,561,155],"product_tag":[590,218,502],"class_list":{"0":"post-765334","1":"product","2":"type-product","3":"status-publish","4":"has-post-thumbnail","6":"product_brand-united-motors-um","7":"product_cat-gm","8":"product_cat-united-motors-um","9":"product_cat-zweirad","10":"product_tag-cruiser","11":"product_tag-innsbruck","12":"product_tag-united-motors-um","13":"pa_biketyp-cruiser","14":"pa_hubraumklasse-51-bis-125","15":"pa_kw-klasse-0-bis-11","16":"pa_zustand-gm","18":"first","19":"instock","20":"product-type-simple"},"acf":[],"_links":{"self":[{"href":"https:\/\/ginzinger.bike\/index.php?rest_route=\/wp\/v2\/product\/765334","targetHints":{"allow":["GET"]}}],"collection":[{"href":"https:\/\/ginzinger.bike\/index.php?rest_route=\/wp\/v2\/product"}],"about":[{"href":"https:\/\/ginzinger.bike\/index.php?rest_route=\/wp\/v2\/types\/product"}],"replies":[{"embeddable":true,"href":"https:\/\/ginzinger.bike\/index.php?rest_route=%2Fwp%2Fv2%2Fcomments&post=765334"}],"wp:featuredmedia":[{"embeddable":true,"href":"https:\/\/ginzinger.bike\/index.php?rest_route=\/wp\/v2\/media\/765335"}],"wp:attachment":[{"href":"https:\/\/ginzinger.bike\/index.php?rest_route=%2Fwp%2Fv2%2Fmedia&parent=765334"}],"wp:term":[{"taxonomy":"product_brand","embeddable":true,"href":"https:\/\/ginzinger.bike\/index.php?rest_route=%2Fwp%2Fv2%2Fproduct_brand&post=765334"},{"taxonomy":"product_cat","embeddable":true,"href":"https:\/\/ginzinger.bike\/index.php?rest_route=%2Fwp%2Fv2%2Fproduct_cat&post=765334"},{"taxonomy":"product_tag","embeddable":true,"href":"https:\/\/ginzinger.bike\/index.php?rest_route=%2Fwp%2Fv2%2Fproduct_tag&post=765334"}],"curies":[{"name":"wp","href":"https:\/\/api.w.org\/{rel}","templated":true}]}}