{"id":765343,"date":"2026-02-18T03:31:35","date_gmt":"2026-02-18T02:31:35","guid":{"rendered":"https:\/\/www.test.ginzinger.bike\/?product=innsbruck-yamaha-neos-easy"},"modified":"2026-02-18T03:31:35","modified_gmt":"2026-02-18T02:31:35","slug":"innsbruck-yamaha-neos-easy-3440712","status":"publish","type":"product","link":"https:\/\/ginzinger.bike\/?product=innsbruck-yamaha-neos-easy-3440712","title":{"rendered":"NEOs Easy"},"content":{"rendered":"<p>aus erster Hand<\/p>\n<p>Akku herausnehmbar<\/p>\n<p>230V Steckdose zum aufladen<\/p>\n<p>Keyless System<\/p>\n<p>uvm&#8230;.<\/p>\n<p>Viele g\u00fcnstige Finanzierungsvarianten Vorhanden.<\/p>\n<p>Eintausch oder Ankauf deines Bikes ist m\u00f6glich.<\/p>\n<p>Weitere Gebrauchtmotorr\u00e4der unter www.ginzinger.at<\/p>\n<p>Informationen bei GINZINGER Innsbruck,<br \/>Telefonisch unter<br \/>0512\/277600 418 Roland<br \/>0512\/277600 419 Max<\/p>\n<p>Per Mail unter<br \/>innsbruck@ginzinger.at Roland<br \/>ibk.vk@ginzinger.at Max<\/p>\n<p>Vorbehaltlich Irrt\u00fcmer, Druckfehler oder Vorzeitiger Verkauf.<br \/>Keyless Go System<br \/>LED-Scheinwerfer<br \/>\n<!--more--><br \/>\nKontaktformular der Filiale \/ Infos direkter Kontaktlink<\/p>\n","protected":false},"excerpt":{"rendered":"<p>aus erster Hand Akku herausnehmbar 230V Steckdose zum aufladen Keyless System uvm&#8230;. Viele g\u00fcnstige Finanzierungsvarianten Vorhanden. Eintausch oder Ankauf deines Bikes ist m\u00f6glich. Weitere Gebrauchtmotorr\u00e4der unter www.ginzinger.at Informationen bei GINZINGER Innsbruck,Telefonisch unter0512\/277600 418 Roland0512\/277600 419 Max Per Mail unterinnsbruck@ginzinger.at Rolandibk.vk@ginzinger.at Max Vorbehaltlich Irrt\u00fcmer, Druckfehler oder Vorzeitiger Verkauf.Keyless Go SystemLED-Scheinwerfer<\/p>\n","protected":false},"featured_media":765344,"comment_status":"closed","ping_status":"open","template":"","meta":{"_acf_changed":false},"product_brand":[280],"product_cat":[281,331,155],"product_tag":[218,357,282],"class_list":{"0":"post-765343","1":"product","2":"type-product","3":"status-publish","4":"has-post-thumbnail","6":"product_brand-yamaha","7":"product_cat-gm","8":"product_cat-yamaha","9":"product_cat-zweirad","10":"product_tag-innsbruck","11":"product_tag-roller","12":"product_tag-yamaha","13":"pa_biketyp-roller","14":"pa_hubraumklasse-0-bis-50","15":"pa_kw-klasse-0-bis-11","16":"pa_zustand-gm","18":"first","19":"instock","20":"product-type-simple"},"acf":[],"_links":{"self":[{"href":"https:\/\/ginzinger.bike\/index.php?rest_route=\/wp\/v2\/product\/765343","targetHints":{"allow":["GET"]}}],"collection":[{"href":"https:\/\/ginzinger.bike\/index.php?rest_route=\/wp\/v2\/product"}],"about":[{"href":"https:\/\/ginzinger.bike\/index.php?rest_route=\/wp\/v2\/types\/product"}],"replies":[{"embeddable":true,"href":"https:\/\/ginzinger.bike\/index.php?rest_route=%2Fwp%2Fv2%2Fcomments&post=765343"}],"wp:featuredmedia":[{"embeddable":true,"href":"https:\/\/ginzinger.bike\/index.php?rest_route=\/wp\/v2\/media\/765344"}],"wp:attachment":[{"href":"https:\/\/ginzinger.bike\/index.php?rest_route=%2Fwp%2Fv2%2Fmedia&parent=765343"}],"wp:term":[{"taxonomy":"product_brand","embeddable":true,"href":"https:\/\/ginzinger.bike\/index.php?rest_route=%2Fwp%2Fv2%2Fproduct_brand&post=765343"},{"taxonomy":"product_cat","embeddable":true,"href":"https:\/\/ginzinger.bike\/index.php?rest_route=%2Fwp%2Fv2%2Fproduct_cat&post=765343"},{"taxonomy":"product_tag","embeddable":true,"href":"https:\/\/ginzinger.bike\/index.php?rest_route=%2Fwp%2Fv2%2Fproduct_tag&post=765343"}],"curies":[{"name":"wp","href":"https:\/\/api.w.org\/{rel}","templated":true}]}}