{"id":765366,"date":"2026-02-18T03:31:36","date_gmt":"2026-02-18T02:31:36","guid":{"rendered":"https:\/\/www.test.ginzinger.bike\/?product=innsbruck-ducati-streetfighter-v4"},"modified":"2026-02-18T03:31:36","modified_gmt":"2026-02-18T02:31:36","slug":"innsbruck-ducati-streetfighter-v4-3440744","status":"publish","type":"product","link":"https:\/\/ginzinger.bike\/?product=innsbruck-ducati-streetfighter-v4-3440744","title":{"rendered":"Streetfighter V4"},"content":{"rendered":"<p>gepflegte V4 Streetfighter zu verkaufen<\/p>\n<p>Service wurde jedes Jahr von Ducati Seefeld durchgef\u00fchrt<\/p>\n<p>V4 Motor<\/p>\n<p>Quickshifter<\/p>\n<p>einarmschwinge uvm&#8230;<\/p>\n<p>Viele g\u00fcnstige Finanzierungsvarianten Vorhanden.<\/p>\n<p>Eintausch oder Ankauf deines Bikes ist m\u00f6glich.<\/p>\n<p>Weitere Gebrauchtmotorr\u00e4der unter www.ginzinger.at<\/p>\n<p>Informationen bei GINZINGER Innsbruck,<br \/>Telefonisch unter<br \/>0512\/277600 418 Roland<br \/>0512\/277600 419 Max<\/p>\n<p>Per Mail unter<br \/>innsbruck@ginzinger.at Roland<br \/>ibk.vk@ginzinger.at Max<\/p>\n<p>Vorbehaltlich Irrt\u00fcmer, Druckfehler oder Vorzeitiger Verkauf.<br \/>\n<!--more--><br \/>\nKontaktformular der Filiale \/ Infos direkter Kontaktlink<\/p>\n","protected":false},"excerpt":{"rendered":"<p>gepflegte V4 Streetfighter zu verkaufen Service wurde jedes Jahr von Ducati Seefeld durchgef\u00fchrt V4 Motor Quickshifter einarmschwinge uvm&#8230; Viele g\u00fcnstige Finanzierungsvarianten Vorhanden. Eintausch oder Ankauf deines Bikes ist m\u00f6glich. Weitere Gebrauchtmotorr\u00e4der unter www.ginzinger.at Informationen bei GINZINGER Innsbruck,Telefonisch unter0512\/277600 418 Roland0512\/277600 419 Max Per Mail unterinnsbruck@ginzinger.at Rolandibk.vk@ginzinger.at Max Vorbehaltlich Irrt\u00fcmer, Druckfehler oder Vorzeitiger Verkauf.<\/p>\n","protected":false},"featured_media":765367,"comment_status":"closed","ping_status":"open","template":"","meta":{"_acf_changed":false},"product_brand":[579],"product_cat":[580,281,155],"product_tag":[535,218,592],"class_list":{"0":"post-765366","1":"product","2":"type-product","3":"status-publish","4":"has-post-thumbnail","6":"product_brand-ducati","7":"product_cat-ducati","8":"product_cat-gm","9":"product_cat-zweirad","10":"product_tag-ducati","11":"product_tag-innsbruck","12":"product_tag-naked-bike","13":"pa_biketyp-naked-bike","14":"pa_hubraumklasse-901-bis-1200","15":"pa_kw-klasse-ueber-120","16":"pa_zustand-gm","18":"first","19":"instock","20":"product-type-simple"},"acf":[],"_links":{"self":[{"href":"https:\/\/ginzinger.bike\/index.php?rest_route=\/wp\/v2\/product\/765366","targetHints":{"allow":["GET"]}}],"collection":[{"href":"https:\/\/ginzinger.bike\/index.php?rest_route=\/wp\/v2\/product"}],"about":[{"href":"https:\/\/ginzinger.bike\/index.php?rest_route=\/wp\/v2\/types\/product"}],"replies":[{"embeddable":true,"href":"https:\/\/ginzinger.bike\/index.php?rest_route=%2Fwp%2Fv2%2Fcomments&post=765366"}],"wp:featuredmedia":[{"embeddable":true,"href":"https:\/\/ginzinger.bike\/index.php?rest_route=\/wp\/v2\/media\/765367"}],"wp:attachment":[{"href":"https:\/\/ginzinger.bike\/index.php?rest_route=%2Fwp%2Fv2%2Fmedia&parent=765366"}],"wp:term":[{"taxonomy":"product_brand","embeddable":true,"href":"https:\/\/ginzinger.bike\/index.php?rest_route=%2Fwp%2Fv2%2Fproduct_brand&post=765366"},{"taxonomy":"product_cat","embeddable":true,"href":"https:\/\/ginzinger.bike\/index.php?rest_route=%2Fwp%2Fv2%2Fproduct_cat&post=765366"},{"taxonomy":"product_tag","embeddable":true,"href":"https:\/\/ginzinger.bike\/index.php?rest_route=%2Fwp%2Fv2%2Fproduct_tag&post=765366"}],"curies":[{"name":"wp","href":"https:\/\/api.w.org\/{rel}","templated":true}]}}