{"id":765476,"date":"2026-02-18T03:31:40","date_gmt":"2026-02-18T02:31:40","guid":{"rendered":"https:\/\/www.test.ginzinger.bike\/?product=innsbruck-yamaha-xjr-1300"},"modified":"2026-02-18T03:31:40","modified_gmt":"2026-02-18T02:31:40","slug":"innsbruck-yamaha-xjr-1300-3440763","status":"publish","type":"product","link":"https:\/\/ginzinger.bike\/?product=innsbruck-yamaha-xjr-1300-3440763","title":{"rendered":"XJR 1300"},"content":{"rendered":"<p>Limitierte 60th Anniversary Edition<\/p>\n<p>Kenny Roberts Design<\/p>\n<p>Klassischer luftgek\u00fchlter Vierzylinder mit sattem Sound<\/p>\n<p>Zeitloses Naked bike mit Sammlerwert<\/p>\n<p>Service gepflegt<\/p>\n<p>Garagenfahrzeug<\/p>\n<p>Sehr gepflegt<\/p>\n<p>Viele g\u00fcnstige Finanzierungsvarianten Vorhanden.<\/p>\n<p>Eintausch oder Ankauf deines Bikes ist m\u00f6glich.<\/p>\n<p>Weitere Gebrauchtmotorr\u00e4der unter www.ginzinger.at<\/p>\n<p>Informationen bei GINZINGER Innsbruck,<br \/>Telefonisch unter<br \/>0512\/277600 418 Roland<br \/>0512\/277600 419 Max<\/p>\n<p>Per Mail unter<br \/>innsbruck@ginzinger.at Roland<br \/>ibk.vk@ginzinger.at Max<\/p>\n<p>Vorbehaltlich Irrt\u00fcmer, Druckfehler oder Vorzeitiger Verkauf.<br \/>\n<!--more--><br \/>\nKontaktformular der Filiale \/ Infos direkter Kontaktlink<\/p>\n","protected":false},"excerpt":{"rendered":"<p>Limitierte 60th Anniversary Edition Kenny Roberts Design Klassischer luftgek\u00fchlter Vierzylinder mit sattem Sound Zeitloses Naked bike mit Sammlerwert Service gepflegt Garagenfahrzeug Sehr gepflegt Viele g\u00fcnstige Finanzierungsvarianten Vorhanden. Eintausch oder Ankauf deines Bikes ist m\u00f6glich. Weitere Gebrauchtmotorr\u00e4der unter www.ginzinger.at Informationen bei GINZINGER Innsbruck,Telefonisch unter0512\/277600 418 Roland0512\/277600 419 Max Per Mail unterinnsbruck@ginzinger.at Rolandibk.vk@ginzinger.at Max Vorbehaltlich Irrt\u00fcmer, Druckfehler [&hellip;]<\/p>\n","protected":false},"featured_media":765477,"comment_status":"closed","ping_status":"open","template":"","meta":{"_acf_changed":false},"product_brand":[280],"product_cat":[281,331,155],"product_tag":[218,592,282],"class_list":{"0":"post-765476","1":"product","2":"type-product","3":"status-publish","4":"has-post-thumbnail","6":"product_brand-yamaha","7":"product_cat-gm","8":"product_cat-yamaha","9":"product_cat-zweirad","10":"product_tag-innsbruck","11":"product_tag-naked-bike","12":"product_tag-yamaha","13":"pa_biketyp-naked-bike","14":"pa_hubraumklasse-ueber-1200","15":"pa_kw-klasse-71-bis-120","16":"pa_zustand-gm","18":"first","19":"instock","20":"product-type-simple"},"acf":[],"_links":{"self":[{"href":"https:\/\/ginzinger.bike\/index.php?rest_route=\/wp\/v2\/product\/765476","targetHints":{"allow":["GET"]}}],"collection":[{"href":"https:\/\/ginzinger.bike\/index.php?rest_route=\/wp\/v2\/product"}],"about":[{"href":"https:\/\/ginzinger.bike\/index.php?rest_route=\/wp\/v2\/types\/product"}],"replies":[{"embeddable":true,"href":"https:\/\/ginzinger.bike\/index.php?rest_route=%2Fwp%2Fv2%2Fcomments&post=765476"}],"wp:featuredmedia":[{"embeddable":true,"href":"https:\/\/ginzinger.bike\/index.php?rest_route=\/wp\/v2\/media\/765477"}],"wp:attachment":[{"href":"https:\/\/ginzinger.bike\/index.php?rest_route=%2Fwp%2Fv2%2Fmedia&parent=765476"}],"wp:term":[{"taxonomy":"product_brand","embeddable":true,"href":"https:\/\/ginzinger.bike\/index.php?rest_route=%2Fwp%2Fv2%2Fproduct_brand&post=765476"},{"taxonomy":"product_cat","embeddable":true,"href":"https:\/\/ginzinger.bike\/index.php?rest_route=%2Fwp%2Fv2%2Fproduct_cat&post=765476"},{"taxonomy":"product_tag","embeddable":true,"href":"https:\/\/ginzinger.bike\/index.php?rest_route=%2Fwp%2Fv2%2Fproduct_tag&post=765476"}],"curies":[{"name":"wp","href":"https:\/\/api.w.org\/{rel}","templated":true}]}}