{"id":765506,"date":"2026-02-18T03:31:43","date_gmt":"2026-02-18T02:31:43","guid":{"rendered":"https:\/\/www.test.ginzinger.bike\/?product=innsbruck-suzuki-vzr-1800"},"modified":"2026-02-18T03:31:43","modified_gmt":"2026-02-18T02:31:43","slug":"innsbruck-suzuki-vzr-1800-3440777","status":"publish","type":"product","link":"https:\/\/ginzinger.bike\/?product=innsbruck-suzuki-vzr-1800-3440777","title":{"rendered":"VZR 1800"},"content":{"rendered":"<p>Suzuki VZR 1800 Top gepflegt<\/p>\n<p>Baujahr: 2007<br \/>Kilometerstand: 53.050 km<br \/>Zustand: Sehr gepflegt, unfallfrei<\/p>\n<p>Ausstattung &#038; Besonderheiten:<\/p>\n<p>Leistungsstarker 1800ccm V2 bekannt f\u00fcr brachialen Durchzug<\/p>\n<p>Seitlicher Kennzeichenhalter f\u00fcr eine cleane Optik<\/p>\n<p>Kupplung neu<\/p>\n<p>Regelm\u00e4\u00dfig gewartet, Serviceheft vorhanden<\/p>\n<p>Garagenfahrzeug<\/p>\n<p>Beschreibung:<br \/>Die VZR1800 ist ein seltener Power-Cruiser mit enormem Drehmoment und beeindruckender Pr\u00e4senz auf der Stra\u00dfe. Das Motorrad wurde stets pfleglich behandelt und ausschlie\u00dflich privat genutzt. Technisch wie optisch in sehr gutem Zustand sofort fahrbereit.<\/p>\n<p>Viele g\u00fcnstige Finanzierungsvarianten Vorhanden.<\/p>\n<p>Eintausch oder Ankauf deines Bikes ist m\u00f6glich.<\/p>\n<p>Weitere Gebrauchtmotorr\u00e4der unter www.ginzinger.at<\/p>\n<p>Informationen bei GINZINGER Innsbruck,<br \/>Telefonisch unter<br \/>0512\/277600 418 Roland<br \/>0512\/277600 419 Max<\/p>\n<p>Per Mail unter<br \/>innsbruck@ginzinger.at Roland<br \/>ibk.vk@ginzinger.at Max<\/p>\n<p>Vorbehaltlich Irrt\u00fcmer, Druckfehler oder Vorzeitiger Verkauf.<br \/>\n<!--more--><br \/>\nKontaktformular der Filiale \/ Infos direkter Kontaktlink<\/p>\n","protected":false},"excerpt":{"rendered":"<p>Suzuki VZR 1800 Top gepflegt Baujahr: 2007Kilometerstand: 53.050 kmZustand: Sehr gepflegt, unfallfrei Ausstattung &#038; Besonderheiten: Leistungsstarker 1800ccm V2 bekannt f\u00fcr brachialen Durchzug Seitlicher Kennzeichenhalter f\u00fcr eine cleane Optik Kupplung neu Regelm\u00e4\u00dfig gewartet, Serviceheft vorhanden Garagenfahrzeug Beschreibung:Die VZR1800 ist ein seltener Power-Cruiser mit enormem Drehmoment und beeindruckender Pr\u00e4senz auf der Stra\u00dfe. Das Motorrad wurde stets pfleglich [&hellip;]<\/p>\n","protected":false},"featured_media":765507,"comment_status":"closed","ping_status":"open","template":"","meta":{"_acf_changed":false},"product_brand":[283],"product_cat":[281,566,155],"product_tag":[590,218,284],"class_list":{"0":"post-765506","1":"product","2":"type-product","3":"status-publish","4":"has-post-thumbnail","6":"product_brand-suzuki","7":"product_cat-gm","8":"product_cat-suzuki","9":"product_cat-zweirad","10":"product_tag-cruiser","11":"product_tag-innsbruck","12":"product_tag-suzuki","13":"pa_biketyp-cruiser","14":"pa_hubraumklasse-ueber-1200","15":"pa_kw-klasse-71-bis-120","16":"pa_zustand-gm","18":"first","19":"instock","20":"product-type-simple"},"acf":[],"_links":{"self":[{"href":"https:\/\/ginzinger.bike\/index.php?rest_route=\/wp\/v2\/product\/765506","targetHints":{"allow":["GET"]}}],"collection":[{"href":"https:\/\/ginzinger.bike\/index.php?rest_route=\/wp\/v2\/product"}],"about":[{"href":"https:\/\/ginzinger.bike\/index.php?rest_route=\/wp\/v2\/types\/product"}],"replies":[{"embeddable":true,"href":"https:\/\/ginzinger.bike\/index.php?rest_route=%2Fwp%2Fv2%2Fcomments&post=765506"}],"wp:featuredmedia":[{"embeddable":true,"href":"https:\/\/ginzinger.bike\/index.php?rest_route=\/wp\/v2\/media\/765507"}],"wp:attachment":[{"href":"https:\/\/ginzinger.bike\/index.php?rest_route=%2Fwp%2Fv2%2Fmedia&parent=765506"}],"wp:term":[{"taxonomy":"product_brand","embeddable":true,"href":"https:\/\/ginzinger.bike\/index.php?rest_route=%2Fwp%2Fv2%2Fproduct_brand&post=765506"},{"taxonomy":"product_cat","embeddable":true,"href":"https:\/\/ginzinger.bike\/index.php?rest_route=%2Fwp%2Fv2%2Fproduct_cat&post=765506"},{"taxonomy":"product_tag","embeddable":true,"href":"https:\/\/ginzinger.bike\/index.php?rest_route=%2Fwp%2Fv2%2Fproduct_tag&post=765506"}],"curies":[{"name":"wp","href":"https:\/\/api.w.org\/{rel}","templated":true}]}}