{"id":765519,"date":"2026-02-18T03:31:44","date_gmt":"2026-02-18T02:31:44","guid":{"rendered":"https:\/\/www.test.ginzinger.bike\/?product=innsbruck-yamaha-xv-1900"},"modified":"2026-02-18T03:31:44","modified_gmt":"2026-02-18T02:31:44","slug":"innsbruck-yamaha-xv-1900-3440776","status":"publish","type":"product","link":"https:\/\/ginzinger.bike\/?product=innsbruck-yamaha-xv-1900-3440776","title":{"rendered":"XV 1900"},"content":{"rendered":"<p>XV1900A<\/p>\n<p>Baujahr: 2009<\/p>\n<p>Kilometerstand: 7179 km<\/p>\n<p>Farbe: Blau mit Frontverkleidung<\/p>\n<p>Zustand: Gebraucht, aber sehr gepflegt, stets servicegepflegt und gut behandelt<\/p>\n<p>Service: Alle Wartungsintervalle wurden eingehalten, alle relevanten Servicearbeiten durchgef\u00fchrt<\/p>\n<p>Frontverkleidung: Original Yamaha Frontverkleidung in Blau f\u00fcr einen sportlichen und eleganten Look<\/p>\n<p>Motor: 1.854 ccm, kr\u00e4ftiger V2-Motor f\u00fcr souver\u00e4nen Fahrspa\u00df<\/p>\n<p>Reifen: In gutem Zustand, keine gr\u00f6\u00dferen Abnutzungen<\/p>\n<p>Die Yamaha XV1900 ist ideal f\u00fcr alle, die das Besondere suchen: kraftvoll, komfortabel und gleichzeitig ein echtes Highlight auf der Stra\u00dfe. Mit ihrer edlen Frontverkleidung, der sportlichen Optik und der geringen Laufleistung von nur 7179 km ist sie ein absolutes Schn\u00e4ppchen f\u00fcr Liebhaber dieser Baureihe.<\/p>\n<p>Viele g\u00fcnstige Finanzierungsvarianten Vorhanden.<\/p>\n<p>Eintausch oder Ankauf deines Bikes ist m\u00f6glich.<\/p>\n<p>Weitere Gebrauchtmotorr\u00e4der unter www.ginzinger.at<\/p>\n<p>Informationen bei GINZINGER Innsbruck,<br \/>Telefonisch unter<br \/>0512\/277600 418 Roland<br \/>0512\/277600 419 Max<\/p>\n<p>Per Mail unter<br \/>innsbruck@ginzinger.at Roland<br \/>ibk.vk@ginzinger.at Max<\/p>\n<p>Vorbehaltlich Irrt\u00fcmer, Druckfehler oder Vorzeitiger Verkauf.<br \/>\n<!--more--><br \/>\nKontaktformular der Filiale \/ Infos direkter Kontaktlink<\/p>\n","protected":false},"excerpt":{"rendered":"<p>XV1900A Baujahr: 2009 Kilometerstand: 7179 km Farbe: Blau mit Frontverkleidung Zustand: Gebraucht, aber sehr gepflegt, stets servicegepflegt und gut behandelt Service: Alle Wartungsintervalle wurden eingehalten, alle relevanten Servicearbeiten durchgef\u00fchrt Frontverkleidung: Original Yamaha Frontverkleidung in Blau f\u00fcr einen sportlichen und eleganten Look Motor: 1.854 ccm, kr\u00e4ftiger V2-Motor f\u00fcr souver\u00e4nen Fahrspa\u00df Reifen: In gutem Zustand, keine gr\u00f6\u00dferen [&hellip;]<\/p>\n","protected":false},"featured_media":765520,"comment_status":"closed","ping_status":"open","template":"","meta":{"_acf_changed":false},"product_brand":[280],"product_cat":[281,331,155],"product_tag":[590,218,282],"class_list":{"0":"post-765519","1":"product","2":"type-product","3":"status-publish","4":"has-post-thumbnail","6":"product_brand-yamaha","7":"product_cat-gm","8":"product_cat-yamaha","9":"product_cat-zweirad","10":"product_tag-cruiser","11":"product_tag-innsbruck","12":"product_tag-yamaha","13":"pa_biketyp-cruiser","14":"pa_hubraumklasse-ueber-1200","15":"pa_kw-klasse-51-bis-70","16":"pa_zustand-gm","18":"first","19":"instock","20":"product-type-simple"},"acf":[],"_links":{"self":[{"href":"https:\/\/ginzinger.bike\/index.php?rest_route=\/wp\/v2\/product\/765519","targetHints":{"allow":["GET"]}}],"collection":[{"href":"https:\/\/ginzinger.bike\/index.php?rest_route=\/wp\/v2\/product"}],"about":[{"href":"https:\/\/ginzinger.bike\/index.php?rest_route=\/wp\/v2\/types\/product"}],"replies":[{"embeddable":true,"href":"https:\/\/ginzinger.bike\/index.php?rest_route=%2Fwp%2Fv2%2Fcomments&post=765519"}],"wp:featuredmedia":[{"embeddable":true,"href":"https:\/\/ginzinger.bike\/index.php?rest_route=\/wp\/v2\/media\/765520"}],"wp:attachment":[{"href":"https:\/\/ginzinger.bike\/index.php?rest_route=%2Fwp%2Fv2%2Fmedia&parent=765519"}],"wp:term":[{"taxonomy":"product_brand","embeddable":true,"href":"https:\/\/ginzinger.bike\/index.php?rest_route=%2Fwp%2Fv2%2Fproduct_brand&post=765519"},{"taxonomy":"product_cat","embeddable":true,"href":"https:\/\/ginzinger.bike\/index.php?rest_route=%2Fwp%2Fv2%2Fproduct_cat&post=765519"},{"taxonomy":"product_tag","embeddable":true,"href":"https:\/\/ginzinger.bike\/index.php?rest_route=%2Fwp%2Fv2%2Fproduct_tag&post=765519"}],"curies":[{"name":"wp","href":"https:\/\/api.w.org\/{rel}","templated":true}]}}