{"id":765605,"date":"2026-02-18T03:31:47","date_gmt":"2026-02-18T02:31:47","guid":{"rendered":"https:\/\/www.test.ginzinger.bike\/?product=innsbruck-suzuki-v-strom-800de"},"modified":"2026-02-18T03:31:47","modified_gmt":"2026-02-18T02:31:47","slug":"innsbruck-suzuki-v-strom-800de-3444484","status":"publish","type":"product","link":"https:\/\/ginzinger.bike\/?product=innsbruck-suzuki-v-strom-800de-3444484","title":{"rendered":"V-Strom 800DE"},"content":{"rendered":"<p>Suzuki DL800DE (V-Strom 800DE) &#8211; BJ 2023 &#8211; 16.950 km &#8211; mit Heizgriffen<\/p>\n<p>Ausstattung &#038; Zubeh\u00f6rHeizgriffe (komfortable Griff-Beheizung f\u00fcr kalte Tage)<br \/>ABS mit Off-Road-\/Gravel-Modus<br \/>Traktionskontrolle mit Fahrmodi<br \/>TFT-Display<br \/>Quick-Shifter<br \/>Windshield verstellbar<br \/>Unfallfrei<\/p>\n<p>BeschreibungZum Verkauf steht eine Suzuki DL800DE (V-Strom 800DE) aus dem Baujahr 2023 mit ca. 16.950 km Laufleistung.<br \/>Das Motorrad befindet sich in sehr gepflegtem Zustand, regelm\u00e4\u00dfig gewartet und ist technisch wie optisch top. Die Heizgriffe sorgen f\u00fcr angenehme Fahrten auch bei k\u00fchler Witterung.<br \/>Ideal geeignet f\u00fcr Touren, Alltagsfahrten und Adventures &#8211; zuverl\u00e4ssiger Zweizylinder-Motor, gute Offroad-Tauglichkeit und solide Ausstattung.<\/p>\n<p>Viele g\u00fcnstige Finanzierungsvarianten Vorhanden.<br \/>Eintausch oder Ankauf deines Bikes ist m\u00f6glich.<br \/>Weitere Gebrauchtmotorr\u00e4der unter www.ginzinger.at<br \/>Informationen bei GINZINGER Innsbruck,<br \/>Telefonisch unter<br \/>0512\/277600 418 Roland<br \/>0512\/277600 419 Max<br \/>Per Mail unter<br \/>innsbruck@ginzinger.at Roland<br \/>ibk.vk@ginzinger.at Max<br \/>Vorbehaltlich Irrt\u00fcmer, Druckfehler oder Vorzeitiger Verkauf.<br \/>\n<!--more--><br \/>\nKontaktformular der Filiale \/ Infos direkter Kontaktlink<\/p>\n","protected":false},"excerpt":{"rendered":"<p>Suzuki DL800DE (V-Strom 800DE) &#8211; BJ 2023 &#8211; 16.950 km &#8211; mit Heizgriffen Ausstattung &#038; Zubeh\u00f6rHeizgriffe (komfortable Griff-Beheizung f\u00fcr kalte Tage)ABS mit Off-Road-\/Gravel-ModusTraktionskontrolle mit FahrmodiTFT-DisplayQuick-ShifterWindshield verstellbarUnfallfrei BeschreibungZum Verkauf steht eine Suzuki DL800DE (V-Strom 800DE) aus dem Baujahr 2023 mit ca. 16.950 km Laufleistung.Das Motorrad befindet sich in sehr gepflegtem Zustand, regelm\u00e4\u00dfig gewartet und ist technisch [&hellip;]<\/p>\n","protected":false},"featured_media":765606,"comment_status":"closed","ping_status":"open","template":"","meta":{"_acf_changed":false},"product_brand":[283],"product_cat":[281,566,155],"product_tag":[591,218,284],"class_list":{"0":"post-765605","1":"product","2":"type-product","3":"status-publish","4":"has-post-thumbnail","6":"product_brand-suzuki","7":"product_cat-gm","8":"product_cat-suzuki","9":"product_cat-zweirad","10":"product_tag-enduro","11":"product_tag-innsbruck","12":"product_tag-suzuki","13":"pa_biketyp-enduro","14":"pa_hubraumklasse-501-bis-900","15":"pa_kw-klasse-51-bis-70","16":"pa_zustand-gm","18":"first","19":"instock","20":"product-type-simple"},"acf":[],"_links":{"self":[{"href":"https:\/\/ginzinger.bike\/index.php?rest_route=\/wp\/v2\/product\/765605","targetHints":{"allow":["GET"]}}],"collection":[{"href":"https:\/\/ginzinger.bike\/index.php?rest_route=\/wp\/v2\/product"}],"about":[{"href":"https:\/\/ginzinger.bike\/index.php?rest_route=\/wp\/v2\/types\/product"}],"replies":[{"embeddable":true,"href":"https:\/\/ginzinger.bike\/index.php?rest_route=%2Fwp%2Fv2%2Fcomments&post=765605"}],"wp:featuredmedia":[{"embeddable":true,"href":"https:\/\/ginzinger.bike\/index.php?rest_route=\/wp\/v2\/media\/765606"}],"wp:attachment":[{"href":"https:\/\/ginzinger.bike\/index.php?rest_route=%2Fwp%2Fv2%2Fmedia&parent=765605"}],"wp:term":[{"taxonomy":"product_brand","embeddable":true,"href":"https:\/\/ginzinger.bike\/index.php?rest_route=%2Fwp%2Fv2%2Fproduct_brand&post=765605"},{"taxonomy":"product_cat","embeddable":true,"href":"https:\/\/ginzinger.bike\/index.php?rest_route=%2Fwp%2Fv2%2Fproduct_cat&post=765605"},{"taxonomy":"product_tag","embeddable":true,"href":"https:\/\/ginzinger.bike\/index.php?rest_route=%2Fwp%2Fv2%2Fproduct_tag&post=765605"}],"curies":[{"name":"wp","href":"https:\/\/api.w.org\/{rel}","templated":true}]}}