{"id":765617,"date":"2026-02-18T03:31:48","date_gmt":"2026-02-18T02:31:48","guid":{"rendered":"https:\/\/www.test.ginzinger.bike\/?product=innsbruck-triumph-rocket-iii"},"modified":"2026-02-18T03:31:48","modified_gmt":"2026-02-18T02:31:48","slug":"innsbruck-triumph-rocket-iii-3465635","status":"publish","type":"product","link":"https:\/\/ginzinger.bike\/?product=innsbruck-triumph-rocket-iii-3465635","title":{"rendered":"Rocket III"},"content":{"rendered":"<p>Kommissionsverkauf<\/p>\n<p>aus erster Hand<\/p>\n<p>Chrom Edition<\/p>\n<p>Lenkerendspiegel<\/p>\n<p>Kardanantrieb<\/p>\n<p>LED Ausstattung<\/p>\n<p>uvm&#8230;<\/p>\n<p>Viele g\u00fcnstige Finanzierungsvarianten Vorhanden.<\/p>\n<p>Eintausch oder Ankauf deines Bikes ist m\u00f6glich.<\/p>\n<p>Weitere Gebrauchtmotorr\u00e4der unter www.ginzinger.at<\/p>\n<p>Informationen bei GINZINGER Innsbruck,<br \/>Telefonisch unter<br \/>0512\/277600 418 Roland<br \/>0512\/277600 419 Max<\/p>\n<p>Per Mail unter<br \/>innsbruck@ginzinger.at Roland<br \/>ibk.vk@ginzinger.at Max<\/p>\n<p>Vorbehaltlich Irrt\u00fcmer, Druckfehler oder Vorzeitiger Verkauf.<br \/>\n<!--more--><br \/>\nKontaktformular der Filiale \/ Infos direkter Kontaktlink<\/p>\n","protected":false},"excerpt":{"rendered":"<p>Kommissionsverkauf aus erster Hand Chrom Edition Lenkerendspiegel Kardanantrieb LED Ausstattung uvm&#8230; Viele g\u00fcnstige Finanzierungsvarianten Vorhanden. Eintausch oder Ankauf deines Bikes ist m\u00f6glich. Weitere Gebrauchtmotorr\u00e4der unter www.ginzinger.at Informationen bei GINZINGER Innsbruck,Telefonisch unter0512\/277600 418 Roland0512\/277600 419 Max Per Mail unterinnsbruck@ginzinger.at Rolandibk.vk@ginzinger.at Max Vorbehaltlich Irrt\u00fcmer, Druckfehler oder Vorzeitiger Verkauf.<\/p>\n","protected":false},"featured_media":765618,"comment_status":"closed","ping_status":"open","template":"","meta":{"_acf_changed":false},"product_brand":[577],"product_cat":[281,578,155],"product_tag":[590,218,533],"class_list":{"0":"post-765617","1":"product","2":"type-product","3":"status-publish","4":"has-post-thumbnail","6":"product_brand-triumph","7":"product_cat-gm","8":"product_cat-triumph","9":"product_cat-zweirad","10":"product_tag-cruiser","11":"product_tag-innsbruck","12":"product_tag-triumph","13":"pa_biketyp-cruiser","14":"pa_hubraumklasse-ueber-1200","15":"pa_kw-klasse-ueber-120","16":"pa_zustand-gm","18":"first","19":"instock","20":"product-type-simple"},"acf":[],"_links":{"self":[{"href":"https:\/\/ginzinger.bike\/index.php?rest_route=\/wp\/v2\/product\/765617","targetHints":{"allow":["GET"]}}],"collection":[{"href":"https:\/\/ginzinger.bike\/index.php?rest_route=\/wp\/v2\/product"}],"about":[{"href":"https:\/\/ginzinger.bike\/index.php?rest_route=\/wp\/v2\/types\/product"}],"replies":[{"embeddable":true,"href":"https:\/\/ginzinger.bike\/index.php?rest_route=%2Fwp%2Fv2%2Fcomments&post=765617"}],"wp:featuredmedia":[{"embeddable":true,"href":"https:\/\/ginzinger.bike\/index.php?rest_route=\/wp\/v2\/media\/765618"}],"wp:attachment":[{"href":"https:\/\/ginzinger.bike\/index.php?rest_route=%2Fwp%2Fv2%2Fmedia&parent=765617"}],"wp:term":[{"taxonomy":"product_brand","embeddable":true,"href":"https:\/\/ginzinger.bike\/index.php?rest_route=%2Fwp%2Fv2%2Fproduct_brand&post=765617"},{"taxonomy":"product_cat","embeddable":true,"href":"https:\/\/ginzinger.bike\/index.php?rest_route=%2Fwp%2Fv2%2Fproduct_cat&post=765617"},{"taxonomy":"product_tag","embeddable":true,"href":"https:\/\/ginzinger.bike\/index.php?rest_route=%2Fwp%2Fv2%2Fproduct_tag&post=765617"}],"curies":[{"name":"wp","href":"https:\/\/api.w.org\/{rel}","templated":true}]}}