{"id":765631,"date":"2026-02-18T03:31:49","date_gmt":"2026-02-18T02:31:49","guid":{"rendered":"https:\/\/www.test.ginzinger.bike\/?product=innsbruck-suzuki-v-strom-800"},"modified":"2026-02-18T03:31:49","modified_gmt":"2026-02-18T02:31:49","slug":"innsbruck-suzuki-v-strom-800-3459264","status":"publish","type":"product","link":"https:\/\/ginzinger.bike\/?product=innsbruck-suzuki-v-strom-800-3459264","title":{"rendered":"V-Strom 800"},"content":{"rendered":"<p>Suzuki DL800 V-Strom 800 &#8211; BJ 2024 | Service gepflegtMarke\/Modell: Suzuki DL800 V-Strom 800<br \/>Baujahr: 2024<br \/>Kilometerstand: 32 690 km<br \/>Zustand: Top gepflegt<br \/>Ausstattung\/Extras:<br \/>Handsch\u00fctzer<\/p>\n<p>Griffheizung<\/p>\n<p>Scheckheft gepflegt \/ Service immer bei Fachwerkstatt erledigt<\/p>\n<p>Original Suzuki Zubeh\u00f6r verbaut<\/p>\n<p>Servicehistorie:<br \/>Alle Wartungen laut Herstellervorgaben durchgef\u00fchrt. Scheckheft vollst\u00e4ndig.<br \/>Beschreibung:<br \/>Verkauft wird eine Suzuki DL800 V-Strom 800 aus dem Baujahr 2024 mit 32 690 km Laufleistung. Die Maschine ist in einem sehr gepflegten Zustand, wurde regelm\u00e4\u00dfig in der Fachwerkstatt gewartet. Zus\u00e4tzliche Ausstattung wie Handsch\u00fctzer und Griffheizung sorgen f\u00fcr mehr Komfort bei jedem Wetter. Ideales Adventure-Bike f\u00fcr Touren und Alltag.<\/p>\n<p>Viele g\u00fcnstige Finanzierungsvarianten Vorhanden.<\/p>\n<p>Eintausch oder Ankauf deines Bikes ist m\u00f6glich.<\/p>\n<p>Weitere Gebrauchtmotorr\u00e4der unter www.ginzinger.at<\/p>\n<p>Informationen bei GINZINGER Innsbruck,<br \/>Telefonisch unter<br \/>0512\/277600 418 Roland<br \/>0512\/277600 419 Max<\/p>\n<p>Per Mail unter<br \/>innsbruck@ginzinger.at Roland<br \/>ibk.vk@ginzinger.at Max<\/p>\n<p>Vorbehaltlich Irrt\u00fcmer, Druckfehler oder Vorzeitiger Verkauf.<br \/>\n<!--more--><br \/>\nKontaktformular der Filiale \/ Infos direkter Kontaktlink<\/p>\n","protected":false},"excerpt":{"rendered":"<p>Suzuki DL800 V-Strom 800 &#8211; BJ 2024 | Service gepflegtMarke\/Modell: Suzuki DL800 V-Strom 800Baujahr: 2024Kilometerstand: 32 690 kmZustand: Top gepflegtAusstattung\/Extras:Handsch\u00fctzer Griffheizung Scheckheft gepflegt \/ Service immer bei Fachwerkstatt erledigt Original Suzuki Zubeh\u00f6r verbaut Servicehistorie:Alle Wartungen laut Herstellervorgaben durchgef\u00fchrt. Scheckheft vollst\u00e4ndig.Beschreibung:Verkauft wird eine Suzuki DL800 V-Strom 800 aus dem Baujahr 2024 mit 32 690 km Laufleistung. [&hellip;]<\/p>\n","protected":false},"featured_media":765632,"comment_status":"closed","ping_status":"open","template":"","meta":{"_acf_changed":false},"product_brand":[283],"product_cat":[281,566,155],"product_tag":[591,218,284],"class_list":{"0":"post-765631","1":"product","2":"type-product","3":"status-publish","4":"has-post-thumbnail","6":"product_brand-suzuki","7":"product_cat-gm","8":"product_cat-suzuki","9":"product_cat-zweirad","10":"product_tag-enduro","11":"product_tag-innsbruck","12":"product_tag-suzuki","13":"pa_biketyp-enduro","14":"pa_hubraumklasse-501-bis-900","15":"pa_kw-klasse-51-bis-70","16":"pa_zustand-gm","18":"first","19":"instock","20":"product-type-simple"},"acf":[],"_links":{"self":[{"href":"https:\/\/ginzinger.bike\/index.php?rest_route=\/wp\/v2\/product\/765631","targetHints":{"allow":["GET"]}}],"collection":[{"href":"https:\/\/ginzinger.bike\/index.php?rest_route=\/wp\/v2\/product"}],"about":[{"href":"https:\/\/ginzinger.bike\/index.php?rest_route=\/wp\/v2\/types\/product"}],"replies":[{"embeddable":true,"href":"https:\/\/ginzinger.bike\/index.php?rest_route=%2Fwp%2Fv2%2Fcomments&post=765631"}],"wp:featuredmedia":[{"embeddable":true,"href":"https:\/\/ginzinger.bike\/index.php?rest_route=\/wp\/v2\/media\/765632"}],"wp:attachment":[{"href":"https:\/\/ginzinger.bike\/index.php?rest_route=%2Fwp%2Fv2%2Fmedia&parent=765631"}],"wp:term":[{"taxonomy":"product_brand","embeddable":true,"href":"https:\/\/ginzinger.bike\/index.php?rest_route=%2Fwp%2Fv2%2Fproduct_brand&post=765631"},{"taxonomy":"product_cat","embeddable":true,"href":"https:\/\/ginzinger.bike\/index.php?rest_route=%2Fwp%2Fv2%2Fproduct_cat&post=765631"},{"taxonomy":"product_tag","embeddable":true,"href":"https:\/\/ginzinger.bike\/index.php?rest_route=%2Fwp%2Fv2%2Fproduct_tag&post=765631"}],"curies":[{"name":"wp","href":"https:\/\/api.w.org\/{rel}","templated":true}]}}