{"id":765851,"date":"2026-02-18T03:32:12","date_gmt":"2026-02-18T02:32:12","guid":{"rendered":"https:\/\/www.test.ginzinger.bike\/?product=traun-beta-rr-125-4t"},"modified":"2026-02-18T03:32:12","modified_gmt":"2026-02-18T02:32:12","slug":"traun-beta-rr-125-4t-3451385","status":"publish","type":"product","link":"https:\/\/ginzinger.bike\/?product=traun-beta-rr-125-4t-3451385","title":{"rendered":"RR 125 4T"},"content":{"rendered":"<p>Beta RR 125 4T Motard<\/p>\n<p>Gerne begr\u00fc\u00dfen wir Sie in unserer Trauner Niederlassung w\u00e4hrend unserer \u00d6ffnungszeiten:<br \/>MONTAG GESCHLOSSEN;<br \/>Di. &#8211; Fr. 08:00 &#8211; 12:00 Uhr und 13:30 &#8211; 18:00 Uhr;<br \/>Samstag 9:00 &#8211; 12:00 Uhr;<br \/>F\u00fcr eine Probefahrt bitten wir sie um kurze Terminvereinbarung;<br \/>Finanzierungen mit und auch ohne Anzahlung \/ auch Drittelfinanzierung m\u00f6glich;<br \/>Inzahlungnahme gebrauchter Motorr\u00e4der, Roller und auch Mopeds;<br \/>Angebot g\u00fcltig vorbehaltlich Irrt\u00fcmer und zwischenzeitlichen Verkaufes;<br \/>Nicht alle inserierten Fahrzeuge sind lagernd;<br \/>Tel: 07229 \/ 62929- DW 718 oder DW 719;<br \/>Mail: traun@ginzinger.at oder traun.vk@ginzinger.at<br \/>Ginzinger GmbH \/ Wiener Bundesstra\u00dfe 223 \/ 4050 Traun;<br \/>\n<!--more--><br \/>\nKontaktformular der Filiale \/ Infos direkter Kontaktlink<\/p>\n","protected":false},"excerpt":{"rendered":"<p>Beta RR 125 4T Motard Gerne begr\u00fc\u00dfen wir Sie in unserer Trauner Niederlassung w\u00e4hrend unserer \u00d6ffnungszeiten:MONTAG GESCHLOSSEN;Di. &#8211; Fr. 08:00 &#8211; 12:00 Uhr und 13:30 &#8211; 18:00 Uhr;Samstag 9:00 &#8211; 12:00 Uhr;F\u00fcr eine Probefahrt bitten wir sie um kurze Terminvereinbarung;Finanzierungen mit und auch ohne Anzahlung \/ auch Drittelfinanzierung m\u00f6glich;Inzahlungnahme gebrauchter Motorr\u00e4der, Roller und auch Mopeds;Angebot [&hellip;]<\/p>\n","protected":false},"featured_media":765852,"comment_status":"closed","ping_status":"open","template":"","meta":{"_acf_changed":false},"product_brand":[271],"product_cat":[255,281,155],"product_tag":[259,591,219],"class_list":{"0":"post-765851","1":"product","2":"type-product","3":"status-publish","4":"has-post-thumbnail","6":"product_brand-beta","7":"product_cat-beta","8":"product_cat-gm","9":"product_cat-zweirad","10":"product_tag-beta","11":"product_tag-enduro","12":"product_tag-traun","13":"pa_biketyp-enduro","14":"pa_hubraumklasse-51-bis-125","15":"pa_kw-klasse-0-bis-11","16":"pa_zustand-gm","18":"first","19":"instock","20":"product-type-simple"},"acf":[],"_links":{"self":[{"href":"https:\/\/ginzinger.bike\/index.php?rest_route=\/wp\/v2\/product\/765851","targetHints":{"allow":["GET"]}}],"collection":[{"href":"https:\/\/ginzinger.bike\/index.php?rest_route=\/wp\/v2\/product"}],"about":[{"href":"https:\/\/ginzinger.bike\/index.php?rest_route=\/wp\/v2\/types\/product"}],"replies":[{"embeddable":true,"href":"https:\/\/ginzinger.bike\/index.php?rest_route=%2Fwp%2Fv2%2Fcomments&post=765851"}],"wp:featuredmedia":[{"embeddable":true,"href":"https:\/\/ginzinger.bike\/index.php?rest_route=\/wp\/v2\/media\/765852"}],"wp:attachment":[{"href":"https:\/\/ginzinger.bike\/index.php?rest_route=%2Fwp%2Fv2%2Fmedia&parent=765851"}],"wp:term":[{"taxonomy":"product_brand","embeddable":true,"href":"https:\/\/ginzinger.bike\/index.php?rest_route=%2Fwp%2Fv2%2Fproduct_brand&post=765851"},{"taxonomy":"product_cat","embeddable":true,"href":"https:\/\/ginzinger.bike\/index.php?rest_route=%2Fwp%2Fv2%2Fproduct_cat&post=765851"},{"taxonomy":"product_tag","embeddable":true,"href":"https:\/\/ginzinger.bike\/index.php?rest_route=%2Fwp%2Fv2%2Fproduct_tag&post=765851"}],"curies":[{"name":"wp","href":"https:\/\/api.w.org\/{rel}","templated":true}]}}