{"id":765865,"date":"2026-02-18T03:32:13","date_gmt":"2026-02-18T02:32:13","guid":{"rendered":"https:\/\/www.test.ginzinger.bike\/?product=traun-aprilia-sx-125"},"modified":"2026-02-18T03:32:13","modified_gmt":"2026-02-18T02:32:13","slug":"traun-aprilia-sx-125-3452571","status":"publish","type":"product","link":"https:\/\/ginzinger.bike\/?product=traun-aprilia-sx-125-3452571","title":{"rendered":"SX 125"},"content":{"rendered":"<p>Aprilia SX 125 ABS<\/p>\n<p>Gerne begr\u00fc\u00dfen wir Sie in unserer Trauner Niederlassung w\u00e4hrend unserer \u00d6ffnungszeiten:<br \/>MONTAG GESCHLOSSEN,<br \/>Di. &#8211; Fr. 08:00 &#8211; 12:00 Uhr und 13:30 &#8211; 18:00 Uhr,<br \/>Samstag 9:00 &#8211; 12:00 Uhr,<br \/>F\u00fcr eine Probefahrt bitten wir sie um kurze Terminvereinbarung,<br \/>Finanzierungen mit und auch ohne Anzahlung \/ auch Drittelfinanzierung m\u00f6glich,<br \/>Inzahlungnahme gebrauchter Motorr\u00e4der, Roller und auch Mopeds,<br \/>Angebot g\u00fcltig vorbehaltlich Irrt\u00fcmer und zwischenzeitlichen Verkaufes,<br \/>Nicht alle inserierten Fahrzeuge sind lagernd,<br \/>Tel: 07229 \/ 62929- DW 718 oder DW 719,<br \/>Mail: traun@ginzinger.at oder traun.vk@ginzinger.at<br \/>Ginzinger GmbH \/ Wiener Bundesstra\u00dfe 223 \/ 4050 Traun,<br \/>\n<!--more--><br \/>\nKontaktformular der Filiale \/ Infos direkter Kontaktlink<\/p>\n","protected":false},"excerpt":{"rendered":"<p>Aprilia SX 125 ABS Gerne begr\u00fc\u00dfen wir Sie in unserer Trauner Niederlassung w\u00e4hrend unserer \u00d6ffnungszeiten:MONTAG GESCHLOSSEN,Di. &#8211; Fr. 08:00 &#8211; 12:00 Uhr und 13:30 &#8211; 18:00 Uhr,Samstag 9:00 &#8211; 12:00 Uhr,F\u00fcr eine Probefahrt bitten wir sie um kurze Terminvereinbarung,Finanzierungen mit und auch ohne Anzahlung \/ auch Drittelfinanzierung m\u00f6glich,Inzahlungnahme gebrauchter Motorr\u00e4der, Roller und auch Mopeds,Angebot g\u00fcltig [&hellip;]<\/p>\n","protected":false},"featured_media":765866,"comment_status":"closed","ping_status":"open","template":"","meta":{"_acf_changed":false},"product_brand":[212],"product_cat":[221,281,155],"product_tag":[214,593,219],"class_list":{"0":"post-765865","1":"product","2":"type-product","3":"status-publish","4":"has-post-thumbnail","6":"product_brand-aprilia","7":"product_cat-aprilia","8":"product_cat-gm","9":"product_cat-zweirad","10":"product_tag-aprilia","11":"product_tag-supermoto","12":"product_tag-traun","13":"pa_biketyp-supermoto","14":"pa_hubraumklasse-51-bis-125","15":"pa_kw-klasse-0-bis-11","16":"pa_zustand-gm","18":"first","19":"instock","20":"product-type-simple"},"acf":[],"_links":{"self":[{"href":"https:\/\/ginzinger.bike\/index.php?rest_route=\/wp\/v2\/product\/765865","targetHints":{"allow":["GET"]}}],"collection":[{"href":"https:\/\/ginzinger.bike\/index.php?rest_route=\/wp\/v2\/product"}],"about":[{"href":"https:\/\/ginzinger.bike\/index.php?rest_route=\/wp\/v2\/types\/product"}],"replies":[{"embeddable":true,"href":"https:\/\/ginzinger.bike\/index.php?rest_route=%2Fwp%2Fv2%2Fcomments&post=765865"}],"wp:featuredmedia":[{"embeddable":true,"href":"https:\/\/ginzinger.bike\/index.php?rest_route=\/wp\/v2\/media\/765866"}],"wp:attachment":[{"href":"https:\/\/ginzinger.bike\/index.php?rest_route=%2Fwp%2Fv2%2Fmedia&parent=765865"}],"wp:term":[{"taxonomy":"product_brand","embeddable":true,"href":"https:\/\/ginzinger.bike\/index.php?rest_route=%2Fwp%2Fv2%2Fproduct_brand&post=765865"},{"taxonomy":"product_cat","embeddable":true,"href":"https:\/\/ginzinger.bike\/index.php?rest_route=%2Fwp%2Fv2%2Fproduct_cat&post=765865"},{"taxonomy":"product_tag","embeddable":true,"href":"https:\/\/ginzinger.bike\/index.php?rest_route=%2Fwp%2Fv2%2Fproduct_tag&post=765865"}],"curies":[{"name":"wp","href":"https:\/\/api.w.org\/{rel}","templated":true}]}}