{"id":765901,"date":"2026-02-18T03:32:16","date_gmt":"2026-02-18T02:32:16","guid":{"rendered":"https:\/\/www.test.ginzinger.bike\/?product=salzburg-aprilia-tuono-125"},"modified":"2026-02-18T03:32:16","modified_gmt":"2026-02-18T02:32:16","slug":"salzburg-aprilia-tuono-125-3466742","status":"publish","type":"product","link":"https:\/\/ginzinger.bike\/?product=salzburg-aprilia-tuono-125-3466742","title":{"rendered":"Tuono 125"},"content":{"rendered":"<p>1.Besitz<br \/>erst 381km<br \/>Top gepflegt, wie neu<br \/>Pickerl bis 05\/2026<br \/>Eintausch und Finanzierung m\u00f6glich<br \/>1 Jahr Gew\u00e4hrleistung<br \/>Anti-\u00dcberschlag-Kontrolle<br \/>\n<!--more--><br \/>\nKontaktformular der Filiale \/ Infos direkter Kontaktlink<\/p>\n","protected":false},"excerpt":{"rendered":"<p>1.Besitzerst 381kmTop gepflegt, wie neuPickerl bis 05\/2026Eintausch und Finanzierung m\u00f6glich1 Jahr Gew\u00e4hrleistungAnti-\u00dcberschlag-Kontrolle<\/p>\n","protected":false},"featured_media":765902,"comment_status":"closed","ping_status":"open","template":"","meta":{"_acf_changed":false},"product_brand":[212],"product_cat":[221,281,155],"product_tag":[214,592,215],"class_list":{"0":"post-765901","1":"product","2":"type-product","3":"status-publish","4":"has-post-thumbnail","6":"product_brand-aprilia","7":"product_cat-aprilia","8":"product_cat-gm","9":"product_cat-zweirad","10":"product_tag-aprilia","11":"product_tag-naked-bike","12":"product_tag-salzburg","13":"pa_biketyp-naked-bike","14":"pa_hubraumklasse-51-bis-125","15":"pa_kw-klasse-0-bis-11","16":"pa_zustand-gm","18":"first","19":"instock","20":"product-type-simple"},"acf":[],"_links":{"self":[{"href":"https:\/\/ginzinger.bike\/index.php?rest_route=\/wp\/v2\/product\/765901","targetHints":{"allow":["GET"]}}],"collection":[{"href":"https:\/\/ginzinger.bike\/index.php?rest_route=\/wp\/v2\/product"}],"about":[{"href":"https:\/\/ginzinger.bike\/index.php?rest_route=\/wp\/v2\/types\/product"}],"replies":[{"embeddable":true,"href":"https:\/\/ginzinger.bike\/index.php?rest_route=%2Fwp%2Fv2%2Fcomments&post=765901"}],"wp:featuredmedia":[{"embeddable":true,"href":"https:\/\/ginzinger.bike\/index.php?rest_route=\/wp\/v2\/media\/765902"}],"wp:attachment":[{"href":"https:\/\/ginzinger.bike\/index.php?rest_route=%2Fwp%2Fv2%2Fmedia&parent=765901"}],"wp:term":[{"taxonomy":"product_brand","embeddable":true,"href":"https:\/\/ginzinger.bike\/index.php?rest_route=%2Fwp%2Fv2%2Fproduct_brand&post=765901"},{"taxonomy":"product_cat","embeddable":true,"href":"https:\/\/ginzinger.bike\/index.php?rest_route=%2Fwp%2Fv2%2Fproduct_cat&post=765901"},{"taxonomy":"product_tag","embeddable":true,"href":"https:\/\/ginzinger.bike\/index.php?rest_route=%2Fwp%2Fv2%2Fproduct_tag&post=765901"}],"curies":[{"name":"wp","href":"https:\/\/api.w.org\/{rel}","templated":true}]}}