{"id":765920,"date":"2026-02-18T03:32:20","date_gmt":"2026-02-18T02:32:20","guid":{"rendered":"https:\/\/www.test.ginzinger.bike\/?product=salzburg-suzuki-gsx-r-1000-r"},"modified":"2026-02-18T03:32:21","modified_gmt":"2026-02-18T02:32:21","slug":"salzburg-suzuki-gsx-r-1000-r-3466756","status":"publish","type":"product","link":"https:\/\/ginzinger.bike\/?product=salzburg-suzuki-gsx-r-1000-r-3466756","title":{"rendered":"GSX-R 1000 R"},"content":{"rendered":"<p>Baujahr: 2026<br \/>GSX-R1000R<\/p>\n<p>Sie ist wieder da<\/p>\n<p>Entspannt in die Saison 2026 starten<\/p>\n<p>Jetzt vorbestellen in den Farben:<\/p>\n<p>C6F Pearl Vigor Blue \/ Pearl Tech White<\/p>\n<p>C7Q Candy Daring Red \/ Pearl Tech White<\/p>\n<p>C7P Pearl Ignite Yellow \/ Metallic Mat Stellar Blue<\/p>\n<p>Gewicht Fahrfertig 203 KG<\/p>\n<p>4-Takt-4-Zylinder-Motor (195 PS), fl\u00fcssigkeitsgek\u00fchlt, DOHC<\/p>\n<p>lineares Drehmoment \u00fcber gesamten Drehzahlbereich<\/p>\n<p>Suzuki Racing VVT<\/p>\n<p>erf\u00fcllt Euro 5+ Abgas- u. Ger\u00e4uschregelungen<\/p>\n<p>kompaktes, leichtes Chassis f\u00fcr hohe Agilit\u00e4t<\/p>\n<p>verst\u00e4rkte Alu-Schwinge f\u00fcr hohe Stabilit\u00e4t<\/p>\n<p>Bridgestone BATTLAX RACING STREET RS11 Bereifung<\/p>\n<p>S.I.R.S. Assistenzsysteme<\/p>\n<p>Exklusives 40th Anniversary Design<\/p>\n<p>Vorbeh\u00e4ltlich Preis\u00e4nderung<\/p>\n<p>Viele g\u00fcnstige Finanzierungsvarianten Vorhanden.<\/p>\n<p>Eintausch oder Ankauf deines Bikes ist m\u00f6glich.<\/p>\n<p>Informationen bei GINZINGER Salzburg,<br \/>Telefonisch unter<br \/>0662\/874721 218 Harald<br \/>0662\/874721 219 Andreas<\/p>\n<p>Per Mail unter : sbg.vk@ginzinger.at<\/p>\n<p>Vorbehaltlich Irrt\u00fcmer, Druckfehler oder Vorzeitiger Verkauf.<br \/>Extras:<br \/>Fahrmodi<br \/>TFT-Display<br \/>\n<!--more--><br \/>\nKontaktformular der Filiale \/ Infos direkter Kontaktlink<\/p>\n","protected":false},"excerpt":{"rendered":"<p>Baujahr: 2026GSX-R1000R Sie ist wieder da Entspannt in die Saison 2026 starten Jetzt vorbestellen in den Farben: C6F Pearl Vigor Blue \/ Pearl Tech White C7Q Candy Daring Red \/ Pearl Tech White C7P Pearl Ignite Yellow \/ Metallic Mat Stellar Blue Gewicht Fahrfertig 203 KG 4-Takt-4-Zylinder-Motor (195 PS), fl\u00fcssigkeitsgek\u00fchlt, DOHC lineares Drehmoment \u00fcber gesamten [&hellip;]<\/p>\n","protected":false},"featured_media":765921,"comment_status":"closed","ping_status":"open","template":"","meta":{"_acf_changed":false},"product_brand":[283],"product_cat":[281,566,155],"product_tag":[215,589,284],"class_list":{"0":"post-765920","1":"product","2":"type-product","3":"status-publish","4":"has-post-thumbnail","6":"product_brand-suzuki","7":"product_cat-gm","8":"product_cat-suzuki","9":"product_cat-zweirad","10":"product_tag-salzburg","11":"product_tag-supersport","12":"product_tag-suzuki","13":"pa_biketyp-supersport","14":"pa_hubraumklasse-901-bis-1200","15":"pa_kw-klasse-ueber-120","16":"pa_zustand-gm","18":"first","19":"instock","20":"product-type-simple"},"acf":[],"_links":{"self":[{"href":"https:\/\/ginzinger.bike\/index.php?rest_route=\/wp\/v2\/product\/765920","targetHints":{"allow":["GET"]}}],"collection":[{"href":"https:\/\/ginzinger.bike\/index.php?rest_route=\/wp\/v2\/product"}],"about":[{"href":"https:\/\/ginzinger.bike\/index.php?rest_route=\/wp\/v2\/types\/product"}],"replies":[{"embeddable":true,"href":"https:\/\/ginzinger.bike\/index.php?rest_route=%2Fwp%2Fv2%2Fcomments&post=765920"}],"wp:featuredmedia":[{"embeddable":true,"href":"https:\/\/ginzinger.bike\/index.php?rest_route=\/wp\/v2\/media\/765921"}],"wp:attachment":[{"href":"https:\/\/ginzinger.bike\/index.php?rest_route=%2Fwp%2Fv2%2Fmedia&parent=765920"}],"wp:term":[{"taxonomy":"product_brand","embeddable":true,"href":"https:\/\/ginzinger.bike\/index.php?rest_route=%2Fwp%2Fv2%2Fproduct_brand&post=765920"},{"taxonomy":"product_cat","embeddable":true,"href":"https:\/\/ginzinger.bike\/index.php?rest_route=%2Fwp%2Fv2%2Fproduct_cat&post=765920"},{"taxonomy":"product_tag","embeddable":true,"href":"https:\/\/ginzinger.bike\/index.php?rest_route=%2Fwp%2Fv2%2Fproduct_tag&post=765920"}],"curies":[{"name":"wp","href":"https:\/\/api.w.org\/{rel}","templated":true}]}}