{"id":765964,"date":"2026-02-18T03:32:21","date_gmt":"2026-02-18T02:32:21","guid":{"rendered":"https:\/\/www.test.ginzinger.bike\/?product=salzburg-suzuki-sv650"},"modified":"2026-02-18T03:32:21","modified_gmt":"2026-02-18T02:32:21","slug":"salzburg-suzuki-sv650-3466759","status":"publish","type":"product","link":"https:\/\/ginzinger.bike\/?product=salzburg-suzuki-sv650-3466759","title":{"rendered":"SV650"},"content":{"rendered":"<p>Service gepflegt<\/p>\n<p>MRA Winschild<\/p>\n<p>Sportauspuff Ixil mit ABE<\/p>\n<p>kurzes Heck<\/p>\n<p>LED Blinker<\/p>\n<p>Eintausch und Finanzierung m\u00f6glich<\/p>\n<p>1 Jahr H\u00e4ndlergew\u00e4hrleistung<br \/>\n<!--more--><br \/>\nKontaktformular der Filiale \/ Infos direkter Kontaktlink<\/p>\n","protected":false},"excerpt":{"rendered":"<p>Service gepflegt MRA Winschild Sportauspuff Ixil mit ABE kurzes Heck LED Blinker Eintausch und Finanzierung m\u00f6glich 1 Jahr H\u00e4ndlergew\u00e4hrleistung<\/p>\n","protected":false},"featured_media":765965,"comment_status":"closed","ping_status":"open","template":"","meta":{"_acf_changed":false},"product_brand":[283],"product_cat":[281,566,155],"product_tag":[592,215,284],"class_list":{"0":"post-765964","1":"product","2":"type-product","3":"status-publish","4":"has-post-thumbnail","6":"product_brand-suzuki","7":"product_cat-gm","8":"product_cat-suzuki","9":"product_cat-zweirad","10":"product_tag-naked-bike","11":"product_tag-salzburg","12":"product_tag-suzuki","13":"pa_biketyp-naked-bike","14":"pa_hubraumklasse-501-bis-900","15":"pa_kw-klasse-51-bis-70","16":"pa_zustand-gm","18":"first","19":"instock","20":"product-type-simple"},"acf":[],"_links":{"self":[{"href":"https:\/\/ginzinger.bike\/index.php?rest_route=\/wp\/v2\/product\/765964","targetHints":{"allow":["GET"]}}],"collection":[{"href":"https:\/\/ginzinger.bike\/index.php?rest_route=\/wp\/v2\/product"}],"about":[{"href":"https:\/\/ginzinger.bike\/index.php?rest_route=\/wp\/v2\/types\/product"}],"replies":[{"embeddable":true,"href":"https:\/\/ginzinger.bike\/index.php?rest_route=%2Fwp%2Fv2%2Fcomments&post=765964"}],"wp:featuredmedia":[{"embeddable":true,"href":"https:\/\/ginzinger.bike\/index.php?rest_route=\/wp\/v2\/media\/765965"}],"wp:attachment":[{"href":"https:\/\/ginzinger.bike\/index.php?rest_route=%2Fwp%2Fv2%2Fmedia&parent=765964"}],"wp:term":[{"taxonomy":"product_brand","embeddable":true,"href":"https:\/\/ginzinger.bike\/index.php?rest_route=%2Fwp%2Fv2%2Fproduct_brand&post=765964"},{"taxonomy":"product_cat","embeddable":true,"href":"https:\/\/ginzinger.bike\/index.php?rest_route=%2Fwp%2Fv2%2Fproduct_cat&post=765964"},{"taxonomy":"product_tag","embeddable":true,"href":"https:\/\/ginzinger.bike\/index.php?rest_route=%2Fwp%2Fv2%2Fproduct_tag&post=765964"}],"curies":[{"name":"wp","href":"https:\/\/api.w.org\/{rel}","templated":true}]}}